{"id":10380,"date":"2023-04-19T03:19:42","date_gmt":"2023-04-19T06:19:42","guid":{"rendered":"https:\/\/dev.conexled.com\/product\/clm\/"},"modified":"2025-05-05T15:51:58","modified_gmt":"2025-05-05T18:51:58","slug":"clm","status":"publish","type":"product","link":"https:\/\/dev.conexled.com\/es\/product\/tapirema-es\/clm\/","title":{"rendered":"CLM"},"content":{"rendered":"<p><span style=\"font-weight: 400;\">La Luminaria LED Port\u00e1til Industrial de la l\u00ednea Tapirema Conexled reemplaza las luminarias port\u00e1tiles tradicionales por l\u00e1mparas fluorescentes, proporcionando ahorro de energ\u00eda y mayor vida \u00fatil, seg\u00fan L70, 30.000 horas. De construcci\u00f3n robusta, agarre y gancho de goma especial, el producto es adecuado para su uso en lugares sujetos a gases, polvo, vapores y polvos. Utiliza tecnolog\u00eda LED ideal para inspecci\u00f3n y mantenimiento de \u00e1reas industriales. Se pueden suministrar con alimentaci\u00f3n bivolt, 12VDC o 24VDC.<\/span><\/p>\n","protected":false},"excerpt":{"rendered":"<p>Economia de energia, maior tempo de vida \u00fatil, constru\u00e7\u00e3o robusta para uso em locais sujeitos a gases, poeiras e p\u00f3s. Tecnologia LED ideal para inspe\u00e7\u00e3o e manuten\u00e7\u00e3o de \u00e1reas industriais.<\/p>\n","protected":false},"featured_media":21504,"comment_status":"open","ping_status":"closed","template":"","meta":[],"product_brand":[],"product_cat":[6127],"product_tag":[],"aplicacao-produto":[7006,7024,7021,7022,7023,7040],"aplicacoes-do-produto":[],"linha-do-produto":[7041],"class_list":{"0":"post-10380","1":"product","2":"type-product","3":"status-publish","4":"has-post-thumbnail","6":"product_cat-blindada-industrial-es","7":"aplicacao-produto-industrias-es","8":"aplicacao-produto-plantas-de-energia","9":"aplicacao-produto-plantas-hidroelectricas","10":"aplicacao-produto-plataformas-es","11":"aplicacao-produto-refinerias","12":"aplicacao-produto-silos-es","13":"linha-do-produto-tapirema-es","15":"first","16":"instock","17":"shipping-taxable","18":"product-type-variable"},"_links":{"self":[{"href":"https:\/\/dev.conexled.com\/es\/wp-json\/wp\/v2\/product\/10380","targetHints":{"allow":["GET"]}}],"collection":[{"href":"https:\/\/dev.conexled.com\/es\/wp-json\/wp\/v2\/product"}],"about":[{"href":"https:\/\/dev.conexled.com\/es\/wp-json\/wp\/v2\/types\/product"}],"replies":[{"embeddable":true,"href":"https:\/\/dev.conexled.com\/es\/wp-json\/wp\/v2\/comments?post=10380"}],"wp:featuredmedia":[{"embeddable":true,"href":"https:\/\/dev.conexled.com\/es\/wp-json\/wp\/v2\/media\/21504"}],"wp:attachment":[{"href":"https:\/\/dev.conexled.com\/es\/wp-json\/wp\/v2\/media?parent=10380"}],"wp:term":[{"taxonomy":"product_brand","embeddable":true,"href":"https:\/\/dev.conexled.com\/es\/wp-json\/wp\/v2\/product_brand?post=10380"},{"taxonomy":"product_cat","embeddable":true,"href":"https:\/\/dev.conexled.com\/es\/wp-json\/wp\/v2\/product_cat?post=10380"},{"taxonomy":"product_tag","embeddable":true,"href":"https:\/\/dev.conexled.com\/es\/wp-json\/wp\/v2\/product_tag?post=10380"},{"taxonomy":"aplicacao-produto","embeddable":true,"href":"https:\/\/dev.conexled.com\/es\/wp-json\/wp\/v2\/aplicacao-produto?post=10380"},{"taxonomy":"aplicacoes-do-produto","embeddable":true,"href":"https:\/\/dev.conexled.com\/es\/wp-json\/wp\/v2\/aplicacoes-do-produto?post=10380"},{"taxonomy":"linha-do-produto","embeddable":true,"href":"https:\/\/dev.conexled.com\/es\/wp-json\/wp\/v2\/linha-do-produto?post=10380"}],"curies":[{"name":"wp","href":"https:\/\/api.w.org\/{rel}","templated":true}]}}