{"id":10372,"date":"2023-04-18T22:58:45","date_gmt":"2023-04-19T01:58:45","guid":{"rendered":"https:\/\/dev.conexled.com\/product\/clb-hp\/"},"modified":"2025-04-30T14:07:41","modified_gmt":"2025-04-30T17:07:41","slug":"luminaria-hermetica-industrial-led","status":"publish","type":"product","link":"https:\/\/dev.conexled.com\/es\/product\/boraceia\/luminaria-hermetica-industrial-led\/","title":{"rendered":"CLB-H(G)"},"content":{"rendered":"<p>La Luminaria Herm\u00e9tica Industrial LED de la L\u00ednea Borac\u00e9ia (CLB-H(G)) ofrece alta resistencia, versatilidad y excelente rendimiento para entornos industriales y comerciales. Dise\u00f1ada para operar en condiciones severas, es adecuada para lugares sujetos a gases, polvo, vapores y part\u00edculas. Disponible en diferentes potencias, esta luminaria proporciona alta eficiencia luminosa, larga vida \u00fatil y f\u00e1cil instalaci\u00f3n gracias a su sistema de fijaci\u00f3n vers\u00e1til.<\/p>\n","protected":false},"excerpt":{"rendered":"<p>Luminaria Herm\u00e9tica Industrial LED con alto rendimiento y larga vida \u00fatil, ideal para entornos industriales agresivos y comerciales.<\/p>\n","protected":false},"featured_media":35669,"comment_status":"open","ping_status":"closed","template":"","meta":[],"product_brand":[],"product_cat":[6135],"product_tag":[8942,9099],"aplicacao-produto":[7003,7046,7048,7006,7049,7047,7050,7051,7052,7008],"aplicacoes-do-produto":[6530,6326,6384,6318,6386,6298,7027,6516,6476,6328,6330,6444,6446,6470,6286,6370,6344,6316,6412,7043,6424,6336,6436,6426,6514,6520,6334,6376,6346,6468,6450],"linha-do-produto":[6832],"class_list":{"0":"post-10372","1":"product","2":"type-product","3":"status-publish","4":"has-post-thumbnail","6":"product_cat-industrial-hermetica-es","7":"product_tag-ip66-es","8":"product_tag-luminaria-led-hermetica-es","9":"aplicacao-produto-almacenes","10":"aplicacao-produto-cuartos-frios","11":"aplicacao-produto-hospitais-es","12":"aplicacao-produto-industrias-es","13":"aplicacao-produto-laboratorios-es","14":"aplicacao-produto-muelles","15":"aplicacao-produto-oficinas-es","16":"aplicacao-produto-portos-es","17":"aplicacao-produto-sanitario","18":"aplicacao-produto-supermercados-es-2","19":"aplicacoes-do-produto-agroindustria-es","20":"aplicacoes-do-produto-almacenes","21":"aplicacoes-do-produto-auto-industria","22":"aplicacoes-do-produto-bancos","23":"aplicacoes-do-produto-cabinas-de-pintura","24":"aplicacoes-do-produto-cafeterias-es","25":"aplicacoes-do-produto-caldeira-es","26":"aplicacoes-do-produto-caldera-2","27":"aplicacoes-do-produto-cobertizos","28":"aplicacoes-do-produto-cuarto-frio","29":"aplicacoes-do-produto-embalaje","30":"aplicacoes-do-produto-estaciones-de-tren","31":"aplicacoes-do-produto-ferrocarril-2","32":"aplicacoes-do-produto-ferrocarril","33":"aplicacoes-do-produto-iluminacion-comercial","34":"aplicacoes-do-produto-industria-de-fertilizantes-es","35":"aplicacoes-do-produto-industria-farmaceutica-es","36":"aplicacoes-do-produto-industria-manufacturera-es","37":"aplicacoes-do-produto-industrias-de-pulpa-y-papel","38":"aplicacoes-do-produto-laboratorios-agroindustria-2-es","39":"aplicacoes-do-produto-laboratorios-es","40":"aplicacoes-do-produto-lavado-constante","41":"aplicacoes-do-produto-logistica-es","42":"aplicacoes-do-produto-maquinaria","43":"aplicacoes-do-produto-usinas-es","44":"aplicacoes-do-produto-procesamiento-4-es","45":"aplicacoes-do-produto-procesando","46":"aplicacoes-do-produto-procesando-6","47":"aplicacoes-do-produto-procesando-7","48":"aplicacoes-do-produto-puertos","49":"aplicacoes-do-produto-trenes","50":"linha-do-produto-boraceia-es","52":"first","53":"instock","54":"shipping-taxable","55":"purchasable","56":"product-type-variable"},"_links":{"self":[{"href":"https:\/\/dev.conexled.com\/es\/wp-json\/wp\/v2\/product\/10372","targetHints":{"allow":["GET"]}}],"collection":[{"href":"https:\/\/dev.conexled.com\/es\/wp-json\/wp\/v2\/product"}],"about":[{"href":"https:\/\/dev.conexled.com\/es\/wp-json\/wp\/v2\/types\/product"}],"replies":[{"embeddable":true,"href":"https:\/\/dev.conexled.com\/es\/wp-json\/wp\/v2\/comments?post=10372"}],"wp:featuredmedia":[{"embeddable":true,"href":"https:\/\/dev.conexled.com\/es\/wp-json\/wp\/v2\/media\/35669"}],"wp:attachment":[{"href":"https:\/\/dev.conexled.com\/es\/wp-json\/wp\/v2\/media?parent=10372"}],"wp:term":[{"taxonomy":"product_brand","embeddable":true,"href":"https:\/\/dev.conexled.com\/es\/wp-json\/wp\/v2\/product_brand?post=10372"},{"taxonomy":"product_cat","embeddable":true,"href":"https:\/\/dev.conexled.com\/es\/wp-json\/wp\/v2\/product_cat?post=10372"},{"taxonomy":"product_tag","embeddable":true,"href":"https:\/\/dev.conexled.com\/es\/wp-json\/wp\/v2\/product_tag?post=10372"},{"taxonomy":"aplicacao-produto","embeddable":true,"href":"https:\/\/dev.conexled.com\/es\/wp-json\/wp\/v2\/aplicacao-produto?post=10372"},{"taxonomy":"aplicacoes-do-produto","embeddable":true,"href":"https:\/\/dev.conexled.com\/es\/wp-json\/wp\/v2\/aplicacoes-do-produto?post=10372"},{"taxonomy":"linha-do-produto","embeddable":true,"href":"https:\/\/dev.conexled.com\/es\/wp-json\/wp\/v2\/linha-do-produto?post=10372"}],"curies":[{"name":"wp","href":"https:\/\/api.w.org\/{rel}","templated":true}]}}