{"id":10343,"date":"2023-04-20T10:47:31","date_gmt":"2023-04-20T13:47:31","guid":{"rendered":"https:\/\/dev.conexled.com\/product\/clk-ba60\/"},"modified":"2024-10-08T10:18:24","modified_gmt":"2024-10-08T13:18:24","slug":"clk-ba60","status":"publish","type":"product","link":"https:\/\/dev.conexled.com\/es\/product\/juruvauva-es\/clk-ba60\/","title":{"rendered":"CLK-BA60"},"content":{"rendered":"<p><span style=\"font-weight: 400;\">La L\u00ednea Juruva\u00fava Conexled brinda seguridad, robustez y desempe\u00f1o, para aplicaciones en \u00e1reas comerciales e industriales, con alta calidad y confiabilidad. Opci\u00f3n perfecta para reemplazar los bloques aut\u00f3nomos tradicionales por bater\u00edas automotrices. Es de f\u00e1cil instalaci\u00f3n, ligero, vers\u00e1til y moderno. Utiliza tecnolog\u00eda LED y una bater\u00eda de plomo-\u00e1cido regulada por una v\u00e1lvula sellada. Proporciona un excelente flujo luminoso y autonom\u00eda. Opci\u00f3n con sensor de brillo que aumenta la duraci\u00f3n de la bater\u00eda (se enciende solo en ausencia de luz).<\/span><\/p>\n","protected":false},"excerpt":{"rendered":"<p><span style=\"font-weight: 400;\">La L\u00ednea Juruva\u00fava Conexled brinda seguridad, robustez y desempe\u00f1o, para aplicaciones en \u00e1reas comerciales e industriales, con alta calidad y confiabilidad.<\/span><\/p>\n","protected":false},"featured_media":11977,"comment_status":"open","ping_status":"closed","template":"","meta":[],"product_brand":[],"product_cat":[6137],"product_tag":[],"aplicacao-produto":[7003,7005,7004,7006,7007,7008],"aplicacoes-do-produto":[6476,6396,6472,6394,6468,6484],"linha-do-produto":[7009],"class_list":{"0":"post-10343","1":"product","2":"type-product","3":"status-publish","4":"has-post-thumbnail","6":"product_cat-modulo-de-emergencia-es","7":"aplicacao-produto-almacenes","8":"aplicacao-produto-cobertizos","9":"aplicacao-produto-concessionarias-es","10":"aplicacao-produto-industrias-es","11":"aplicacao-produto-lineas-de-montaje","12":"aplicacao-produto-supermercados-es-2","13":"aplicacoes-do-produto-cobertizos","14":"aplicacoes-do-produto-escalera-electrica-2","15":"aplicacoes-do-produto-galerias-es","16":"aplicacoes-do-produto-industrias-mineras","17":"aplicacoes-do-produto-puertos","18":"aplicacoes-do-produto-tuneles-2","19":"linha-do-produto-juruvauva-es","21":"first","22":"instock","23":"shipping-taxable","24":"purchasable","25":"product-type-variable","26":"has-default-attributes"},"_links":{"self":[{"href":"https:\/\/dev.conexled.com\/es\/wp-json\/wp\/v2\/product\/10343","targetHints":{"allow":["GET"]}}],"collection":[{"href":"https:\/\/dev.conexled.com\/es\/wp-json\/wp\/v2\/product"}],"about":[{"href":"https:\/\/dev.conexled.com\/es\/wp-json\/wp\/v2\/types\/product"}],"replies":[{"embeddable":true,"href":"https:\/\/dev.conexled.com\/es\/wp-json\/wp\/v2\/comments?post=10343"}],"wp:featuredmedia":[{"embeddable":true,"href":"https:\/\/dev.conexled.com\/es\/wp-json\/wp\/v2\/media\/11977"}],"wp:attachment":[{"href":"https:\/\/dev.conexled.com\/es\/wp-json\/wp\/v2\/media?parent=10343"}],"wp:term":[{"taxonomy":"product_brand","embeddable":true,"href":"https:\/\/dev.conexled.com\/es\/wp-json\/wp\/v2\/product_brand?post=10343"},{"taxonomy":"product_cat","embeddable":true,"href":"https:\/\/dev.conexled.com\/es\/wp-json\/wp\/v2\/product_cat?post=10343"},{"taxonomy":"product_tag","embeddable":true,"href":"https:\/\/dev.conexled.com\/es\/wp-json\/wp\/v2\/product_tag?post=10343"},{"taxonomy":"aplicacao-produto","embeddable":true,"href":"https:\/\/dev.conexled.com\/es\/wp-json\/wp\/v2\/aplicacao-produto?post=10343"},{"taxonomy":"aplicacoes-do-produto","embeddable":true,"href":"https:\/\/dev.conexled.com\/es\/wp-json\/wp\/v2\/aplicacoes-do-produto?post=10343"},{"taxonomy":"linha-do-produto","embeddable":true,"href":"https:\/\/dev.conexled.com\/es\/wp-json\/wp\/v2\/linha-do-produto?post=10343"}],"curies":[{"name":"wp","href":"https:\/\/api.w.org\/{rel}","templated":true}]}}