{"id":41280,"date":"2025-07-02T09:38:24","date_gmt":"2025-07-02T12:38:24","guid":{"rendered":"https:\/\/dev.conexled.com\/?page_id=41280"},"modified":"2025-07-03T09:05:09","modified_gmt":"2025-07-03T12:05:09","slug":"proyectos-realizados","status":"publish","type":"page","link":"https:\/\/dev.conexled.com\/es\/proyectos-realizados\/","title":{"rendered":"Proyectos realizados"},"content":{"rendered":"\t\t<div data-elementor-type=\"wp-page\" data-elementor-id=\"41280\" class=\"elementor elementor-41280 elementor-41098\" data-elementor-post-type=\"page\">\n\t\t\t\t<div class=\"elementor-element elementor-element-ebe1b2d e-flex e-con-boxed e-con e-parent\" data-id=\"ebe1b2d\" data-element_type=\"container\" data-settings=\"{&quot;jet_parallax_layout_list&quot;:[]}\">\n\t\t\t\t\t<div class=\"e-con-inner\">\n\t\t<div class=\"elementor-element elementor-element-98a6693 e-con-full e-flex e-con e-child\" data-id=\"98a6693\" data-element_type=\"container\" data-settings=\"{&quot;background_background&quot;:&quot;classic&quot;,&quot;jet_parallax_layout_list&quot;:[]}\">\n\t\t\t\t<div class=\"elementor-element elementor-element-34639e8 elementor-widget elementor-widget-heading\" data-id=\"34639e8\" data-element_type=\"widget\" data-widget_type=\"heading.default\">\n\t\t\t\t<div class=\"elementor-widget-container\">\n\t\t\t\t\t<p class=\"elementor-heading-title elementor-size-default\">Proyectos realizados<\/p>\t\t\t\t<\/div>\n\t\t\t\t<\/div>\n\t\t\t\t<\/div>\n\t\t\t\t<div class=\"elementor-element elementor-element-175be57 elementor-widget-mobile__width-inherit jet-smart-filter-content-position-column jet-smart-filter-group-position-column elementor-widget elementor-widget-jet-smart-filters-select\" data-id=\"175be57\" data-element_type=\"widget\" data-widget_type=\"jet-smart-filters-select.default\">\n\t\t\t\t<div class=\"elementor-widget-container\">\n\t\t\t\t\t<div class=\"jet-smart-filters-select jet-filter \" data-indexer-rule=\"show\" data-show-counter=\"\" data-change-counter=\"always\"><div class=\"jet-select\" data-query-type=\"tax_query\" data-query-var=\"tipo_projeto\" data-smart-filter=\"select\" data-filter-id=\"41102\" data-apply-type=\"ajax\" data-content-provider=\"jet-engine\" data-additional-providers=\"\" data-query-id=\"default\" data-active-label=\"\" data-layout-options=\"{&quot;show_label&quot;:&quot;&quot;,&quot;display_options&quot;:{&quot;show_items_label&quot;:false,&quot;show_decorator&quot;:false,&quot;filter_image_size&quot;:&quot;full&quot;,&quot;show_counter&quot;:false}}\" data-query-var-suffix=\"\" data-apply-on=\"value\">\n\t\t\t\t<select\n\t\t\tclass=\"jet-select__control\"\n\t\t\tname=\"tipo_projeto\"\n\t\t\t\t\t\taria-label=\"Projetos realizados\"\n\t\t>\n\t\t\n\t\t\t\t\t<option\n\t\t\t\tvalue=\"\"\n\t\t\t\tdata-label=\"Selecione o tipo de projeto...\"\n\t\t\t\tdata-counter-prefix=\"\"\n\t\t\t\tdata-counter-suffix=\"\"\n\t\t\t\t\t\t\t\t\t\t\t>Selecione o tipo de projeto...<\/option>\n\t\t\t\t\t\t<option\n\t\t\t\tvalue=\"6742\"\n\t\t\t\tdata-label=\"Industrial\"\n\t\t\t\tdata-counter-prefix=\"\"\n\t\t\t\tdata-counter-suffix=\"\"\n\t\t\t\t\t\t\t\t\t\t\t>Industrial<\/option>\n\t\t\t<\/select>\n\t<\/div>\n<\/div>\t\t\t\t<\/div>\n\t\t\t\t<\/div>\n\t\t\t\t<div class=\"elementor-element elementor-element-700176a elementor-widget__width-inherit elementor-widget elementor-widget-jet-listing-grid\" data-id=\"700176a\" data-element_type=\"widget\" data-settings=\"{&quot;columns&quot;:&quot;3&quot;,&quot;columns_tablet&quot;:&quot;2&quot;,&quot;columns_mobile&quot;:&quot;1&quot;}\" data-widget_type=\"jet-listing-grid.default\">\n\t\t\t\t<div class=\"elementor-widget-container\">\n\t\t\t\t\t<div class=\"jet-listing-grid jet-listing\"><div class=\"jet-listing-grid__items grid-col-desk-3 grid-col-tablet-2 grid-col-mobile-1 jet-listing-grid--41080\" data-queried-id=\"41280|WP_Post\" data-nav=\"{&quot;enabled&quot;:true,&quot;type&quot;:&quot;click&quot;,&quot;more_el&quot;:&quot;#button-blog&quot;,&quot;query&quot;:{&quot;post_status&quot;:[&quot;publish&quot;],&quot;post_type&quot;:&quot;projetos&quot;,&quot;posts_per_page&quot;:&quot;9&quot;,&quot;paged&quot;:&quot;1&quot;,&quot;ignore_sticky_posts&quot;:&quot;1&quot;,&quot;orderby&quot;:&quot;date&quot;,&quot;suppress_filters&quot;:false,&quot;jet_smart_filters&quot;:&quot;jet-engine\\\/default&quot;,&quot;signature&quot;:&quot;f0d753b3b7a8728e388f553a1b7192bd0c0b1934b23c2c4730702a0cfb0263ce&quot;},&quot;widget_settings&quot;:{&quot;lisitng_id&quot;:41080,&quot;posts_num&quot;:9,&quot;columns&quot;:3,&quot;columns_tablet&quot;:2,&quot;columns_mobile&quot;:1,&quot;column_min_width&quot;:240,&quot;column_min_width_tablet&quot;:240,&quot;column_min_width_mobile&quot;:240,&quot;inline_columns_css&quot;:false,&quot;is_archive_template&quot;:&quot;&quot;,&quot;post_status&quot;:[&quot;publish&quot;],&quot;use_random_posts_num&quot;:&quot;&quot;,&quot;max_posts_num&quot;:9,&quot;not_found_message&quot;:&quot;No data was found&quot;,&quot;is_masonry&quot;:false,&quot;equal_columns_height&quot;:&quot;&quot;,&quot;use_load_more&quot;:&quot;yes&quot;,&quot;load_more_id&quot;:&quot;button-blog&quot;,&quot;load_more_type&quot;:&quot;click&quot;,&quot;load_more_offset&quot;:{&quot;unit&quot;:&quot;px&quot;,&quot;size&quot;:0,&quot;sizes&quot;:[]},&quot;use_custom_post_types&quot;:&quot;&quot;,&quot;custom_post_types&quot;:[],&quot;hide_widget_if&quot;:&quot;&quot;,&quot;carousel_enabled&quot;:&quot;&quot;,&quot;slides_to_scroll&quot;:&quot;1&quot;,&quot;arrows&quot;:&quot;true&quot;,&quot;arrow_icon&quot;:&quot;fa fa-angle-left&quot;,&quot;dots&quot;:&quot;&quot;,&quot;autoplay&quot;:&quot;true&quot;,&quot;pause_on_hover&quot;:&quot;true&quot;,&quot;autoplay_speed&quot;:5000,&quot;infinite&quot;:&quot;true&quot;,&quot;center_mode&quot;:&quot;&quot;,&quot;effect&quot;:&quot;slide&quot;,&quot;speed&quot;:500,&quot;inject_alternative_items&quot;:&quot;&quot;,&quot;injection_items&quot;:[],&quot;scroll_slider_enabled&quot;:&quot;&quot;,&quot;scroll_slider_on&quot;:[&quot;desktop&quot;,&quot;tablet&quot;,&quot;mobile&quot;],&quot;custom_query&quot;:false,&quot;custom_query_id&quot;:&quot;&quot;,&quot;_element_id&quot;:&quot;&quot;,&quot;collapse_first_last_gap&quot;:false,&quot;list_tag_selection&quot;:&quot;&quot;,&quot;list_items_wrapper_tag&quot;:&quot;div&quot;,&quot;list_item_tag&quot;:&quot;div&quot;,&quot;empty_items_wrapper_tag&quot;:&quot;div&quot;}}\" data-page=\"1\" data-pages=\"1\" data-listing-source=\"posts\" data-listing-id=\"41080\" data-query-id=\"\"><div class=\"jet-listing-grid__item jet-listing-dynamic-post-16532\" data-post-id=\"16532\"  ><div class=\"jet-engine-listing-overlay-wrap\" data-url=\"https:\/\/dev.conexled.com\/es\/proyectos\/iluminacion-para-mineria-moquegua\/\">\t\t<div data-elementor-type=\"jet-listing-items\" data-elementor-id=\"41080\" class=\"elementor elementor-41080\" data-elementor-post-type=\"jet-engine\">\n\t\t\t\t<div class=\"elementor-element elementor-element-4640159 e-con-full e-flex e-con e-parent\" data-id=\"4640159\" data-element_type=\"container\" data-settings=\"{&quot;jet_parallax_layout_list&quot;:[],&quot;background_background&quot;:&quot;classic&quot;}\">\n\t\t<div class=\"elementor-element elementor-element-1487de0 e-con-full e-flex e-con e-child\" data-id=\"1487de0\" data-element_type=\"container\" data-settings=\"{&quot;jet_parallax_layout_list&quot;:[],&quot;background_background&quot;:&quot;classic&quot;}\">\n\t\t\t\t<\/div>\n\t\t\t\t<div class=\"elementor-element elementor-element-257c963 elementor-widget__width-inherit elementor-widget elementor-widget-heading\" data-id=\"257c963\" data-element_type=\"widget\" data-widget_type=\"heading.default\">\n\t\t\t\t<div class=\"elementor-widget-container\">\n\t\t\t\t\t<h3 class=\"elementor-heading-title elementor-size-default\">Iluminaci\u00f3n para Miner\u00eda: Eficiencia en Mina de Moquegua<\/h3>\t\t\t\t<\/div>\n\t\t\t\t<\/div>\n\t\t\t\t<div class=\"elementor-element elementor-element-4f24b35 elementor-align-left elementor-widget__width-inherit elementor-widget elementor-widget-button\" data-id=\"4f24b35\" data-element_type=\"widget\" data-widget_type=\"button.default\">\n\t\t\t\t<div class=\"elementor-widget-container\">\n\t\t\t\t\t\t\t\t\t<div class=\"elementor-button-wrapper\">\n\t\t\t\t\t<a class=\"elementor-button elementor-button-link elementor-size-sm\" href=\"#\">\n\t\t\t\t\t\t<span class=\"elementor-button-content-wrapper\">\n\t\t\t\t\t\t<span class=\"elementor-button-icon\">\n\t\t\t\t<svg xmlns=\"http:\/\/www.w3.org\/2000\/svg\" width=\"18.704\" height=\"15.652\" viewBox=\"0 0 18.704 15.652\"><g id=\"right-arrow\" transform=\"translate(0 0)\"><g id=\"Grupo_107\" data-name=\"Grupo 107\"><path id=\"Caminho_122\" data-name=\"Caminho 122\" d=\"M18.4,48.441,11.65,41.646a1.022,1.022,0,0,0-1.448,0l-.613.617a1.025,1.025,0,0,0-.3.728,1.045,1.045,0,0,0,.3.737L13.53,47.7H1.01A1,1,0,0,0,0,48.713v.872a1.041,1.041,0,0,0,1.01,1.057H13.574L9.589,54.637a1.024,1.024,0,0,0,0,1.446l.613.615a1.023,1.023,0,0,0,1.448,0L18.4,49.9a1.043,1.043,0,0,0,0-1.462Z\" transform=\"translate(0 -41.346)\" fill=\"#3aa935\"><\/path><\/g><\/g><\/svg>\t\t\t<\/span>\n\t\t\t\t\t\t\t\t\t<span class=\"elementor-button-text\">Leia mais<\/span>\n\t\t\t\t\t<\/span>\n\t\t\t\t\t<\/a>\n\t\t\t\t<\/div>\n\t\t\t\t\t\t\t\t<\/div>\n\t\t\t\t<\/div>\n\t\t\t\t<\/div>\n\t\t\t\t<\/div>\n\t\t<a href=\"https:\/\/dev.conexled.com\/es\/proyectos\/iluminacion-para-mineria-moquegua\/\" class=\"jet-engine-listing-overlay-link\"><\/a><\/div><\/div><div class=\"jet-listing-grid__item jet-listing-dynamic-post-8080\" data-post-id=\"8080\"  ><style type=\"text\/css\">.jet-listing-dynamic-post-8080 .elementor-element.elementor-element-1487de0:not(.elementor-motion-effects-element-type-background), .jet-listing-dynamic-post-8080 .elementor-element.elementor-element-1487de0 > .elementor-motion-effects-container > .elementor-motion-effects-layer{background-image:url(\"https:\/\/dev.conexled.com\/wp-content\/uploads\/2023\/04\/southern-1.jpg\");}@media(max-width:1203px){.jet-listing-dynamic-post-8080 .elementor-element.elementor-element-1487de0:not(.elementor-motion-effects-element-type-background), .jet-listing-dynamic-post-8080 .elementor-element.elementor-element-1487de0 > .elementor-motion-effects-container > .elementor-motion-effects-layer{background-image:url(\"https:\/\/dev.conexled.com\/wp-content\/uploads\/2023\/04\/southern-1.jpg\");}}<\/style><div class=\"jet-engine-listing-overlay-wrap\" data-url=\"https:\/\/dev.conexled.com\/es\/projetos\/8080\/\">\t\t<div data-elementor-type=\"jet-listing-items\" data-elementor-id=\"41080\" class=\"elementor elementor-41080\" data-elementor-post-type=\"jet-engine\">\n\t\t\t\t<div class=\"elementor-element elementor-element-4640159 e-con-full e-flex e-con e-parent\" data-id=\"4640159\" data-element_type=\"container\" data-settings=\"{&quot;jet_parallax_layout_list&quot;:[],&quot;background_background&quot;:&quot;classic&quot;}\">\n\t\t<div class=\"elementor-element elementor-element-1487de0 e-con-full e-flex e-con e-child\" data-id=\"1487de0\" data-element_type=\"container\" data-settings=\"{&quot;jet_parallax_layout_list&quot;:[],&quot;background_background&quot;:&quot;classic&quot;}\">\n\t\t\t\t<\/div>\n\t\t\t\t<div class=\"elementor-element elementor-element-257c963 elementor-widget__width-inherit elementor-widget elementor-widget-heading\" data-id=\"257c963\" data-element_type=\"widget\" data-widget_type=\"heading.default\">\n\t\t\t\t<div class=\"elementor-widget-container\">\n\t\t\t\t\t<h3 class=\"elementor-heading-title elementor-size-default\">Mineradora Southerm PERU<\/h3>\t\t\t\t<\/div>\n\t\t\t\t<\/div>\n\t\t\t\t<div class=\"elementor-element elementor-element-4f24b35 elementor-align-left elementor-widget__width-inherit elementor-widget elementor-widget-button\" data-id=\"4f24b35\" data-element_type=\"widget\" data-widget_type=\"button.default\">\n\t\t\t\t<div class=\"elementor-widget-container\">\n\t\t\t\t\t\t\t\t\t<div class=\"elementor-button-wrapper\">\n\t\t\t\t\t<a class=\"elementor-button elementor-button-link elementor-size-sm\" href=\"#\">\n\t\t\t\t\t\t<span class=\"elementor-button-content-wrapper\">\n\t\t\t\t\t\t<span class=\"elementor-button-icon\">\n\t\t\t\t<svg xmlns=\"http:\/\/www.w3.org\/2000\/svg\" width=\"18.704\" height=\"15.652\" viewBox=\"0 0 18.704 15.652\"><g id=\"right-arrow\" transform=\"translate(0 0)\"><g id=\"Grupo_107\" data-name=\"Grupo 107\"><path id=\"Caminho_122\" data-name=\"Caminho 122\" d=\"M18.4,48.441,11.65,41.646a1.022,1.022,0,0,0-1.448,0l-.613.617a1.025,1.025,0,0,0-.3.728,1.045,1.045,0,0,0,.3.737L13.53,47.7H1.01A1,1,0,0,0,0,48.713v.872a1.041,1.041,0,0,0,1.01,1.057H13.574L9.589,54.637a1.024,1.024,0,0,0,0,1.446l.613.615a1.023,1.023,0,0,0,1.448,0L18.4,49.9a1.043,1.043,0,0,0,0-1.462Z\" transform=\"translate(0 -41.346)\" fill=\"#3aa935\"><\/path><\/g><\/g><\/svg>\t\t\t<\/span>\n\t\t\t\t\t\t\t\t\t<span class=\"elementor-button-text\">Leia mais<\/span>\n\t\t\t\t\t<\/span>\n\t\t\t\t\t<\/a>\n\t\t\t\t<\/div>\n\t\t\t\t\t\t\t\t<\/div>\n\t\t\t\t<\/div>\n\t\t\t\t<\/div>\n\t\t\t\t<\/div>\n\t\t<a href=\"https:\/\/dev.conexled.com\/es\/projetos\/8080\/\" class=\"jet-engine-listing-overlay-link\"><\/a><\/div><\/div><\/div><\/div>\t\t\t\t<\/div>\n\t\t\t\t<\/div>\n\t\t\t\t<div class=\"elementor-element elementor-element-0d0a0ed elementor-align-center elementor-widget elementor-widget-button\" data-id=\"0d0a0ed\" data-element_type=\"widget\" data-widget_type=\"button.default\">\n\t\t\t\t<div class=\"elementor-widget-container\">\n\t\t\t\t\t\t\t\t\t<div class=\"elementor-button-wrapper\">\n\t\t\t\t\t<a class=\"elementor-button elementor-button-link elementor-size-sm\" href=\"#\" id=\"button-blog\">\n\t\t\t\t\t\t<span class=\"elementor-button-content-wrapper\">\n\t\t\t\t\t\t\t\t\t<span class=\"elementor-button-text\">Ver Mais<\/span>\n\t\t\t\t\t<\/span>\n\t\t\t\t\t<\/a>\n\t\t\t\t<\/div>\n\t\t\t\t\t\t\t\t<\/div>\n\t\t\t\t<\/div>\n\t\t\t\t\t<\/div>\n\t\t\t\t<\/div>\n\t\t\t\t<\/div>\n\t\t","protected":false},"excerpt":{"rendered":"<p>Proyectos realizados Selecione o tipo de projeto&#8230;Atmosferas ExplosivasClubes e QuadrasIlumina\u00e7\u00e3o P\u00fablicaIndustrial Leia mais Leia mais Leia mais Leia mais Leia mais Leia mais Leia mais Leia mais Leia mais Ver Mais<\/p>\n","protected":false},"author":18,"featured_media":0,"parent":0,"menu_order":0,"comment_status":"closed","ping_status":"closed","template":"","meta":{"footnotes":""},"class_list":["post-41280","page","type-page","status-publish","hentry"],"_links":{"self":[{"href":"https:\/\/dev.conexled.com\/es\/wp-json\/wp\/v2\/pages\/41280","targetHints":{"allow":["GET"]}}],"collection":[{"href":"https:\/\/dev.conexled.com\/es\/wp-json\/wp\/v2\/pages"}],"about":[{"href":"https:\/\/dev.conexled.com\/es\/wp-json\/wp\/v2\/types\/page"}],"author":[{"embeddable":true,"href":"https:\/\/dev.conexled.com\/es\/wp-json\/wp\/v2\/users\/18"}],"replies":[{"embeddable":true,"href":"https:\/\/dev.conexled.com\/es\/wp-json\/wp\/v2\/comments?post=41280"}],"version-history":[{"count":10,"href":"https:\/\/dev.conexled.com\/es\/wp-json\/wp\/v2\/pages\/41280\/revisions"}],"predecessor-version":[{"id":41292,"href":"https:\/\/dev.conexled.com\/es\/wp-json\/wp\/v2\/pages\/41280\/revisions\/41292"}],"wp:attachment":[{"href":"https:\/\/dev.conexled.com\/es\/wp-json\/wp\/v2\/media?parent=41280"}],"curies":[{"name":"wp","href":"https:\/\/api.w.org\/{rel}","templated":true}]}}