{"id":36642,"date":"2023-04-11T21:56:36","date_gmt":"2023-04-12T00:56:36","guid":{"rendered":"https:\/\/dev.conexled.com\/direito-do-titular-dos-dados\/"},"modified":"2025-04-24T09:22:40","modified_gmt":"2025-04-24T12:22:40","slug":"direito-do-titular-dos-dados","status":"publish","type":"page","link":"https:\/\/dev.conexled.com\/es\/direito-do-titular-dos-dados\/","title":{"rendered":"Derechos del interesado"},"content":{"rendered":"\t\t<div data-elementor-type=\"wp-page\" data-elementor-id=\"36642\" class=\"elementor elementor-36642 elementor-2317\" data-elementor-post-type=\"page\">\n\t\t\t\t<div class=\"elementor-element elementor-element-3f22003 e-con-full e-flex e-con e-parent\" data-id=\"3f22003\" data-element_type=\"container\" data-settings=\"{&quot;jet_parallax_layout_list&quot;:[]}\">\n\t\t<div class=\"elementor-element elementor-element-9c28c2b e-con-full e-flex e-con e-child\" data-id=\"9c28c2b\" data-element_type=\"container\" data-settings=\"{&quot;background_background&quot;:&quot;classic&quot;,&quot;jet_parallax_layout_list&quot;:[]}\">\n\t\t\t\t<\/div>\n\t\t<div class=\"elementor-element elementor-element-b68b6a8 e-flex e-con-boxed e-con e-child\" data-id=\"b68b6a8\" data-element_type=\"container\" data-settings=\"{&quot;jet_parallax_layout_list&quot;:[]}\">\n\t\t\t\t\t<div class=\"e-con-inner\">\n\t\t\t\t<div class=\"elementor-element elementor-element-814fb1f elementor-widget elementor-widget-text-editor\" data-id=\"814fb1f\" data-element_type=\"widget\" data-widget_type=\"text-editor.default\">\n\t\t\t\t<div class=\"elementor-widget-container\">\n\t\t\t\t\t\t\t\t\t<h4><b>AVERIGUA QU\u00c9 DERECHOS CONTEMPLA LA LGPD Y C\u00d3MO EJERCERLOS<\/b><\/h4>\n<span style=\"font-weight: 400;\">La Ley General de Protecci\u00f3n de Datos -Ley 13.709\/2018- aport\u00f3 una serie de derechos a los titulares de datos personales. Averigua cu\u00e1les son los principales:<\/span>\n<ul><br> \t<li style=\"font-weight: 400;\" aria-level=\"1\"><span style=\"font-weight: 400;\">Confirmaci\u00f3n del tratamiento<\/span><\/li><br> \t<li style=\"font-weight: 400;\" aria-level=\"1\"><span style=\"font-weight: 400;\">Acceso a los datos<\/span><\/li><br> \t<li style=\"font-weight: 400;\" aria-level=\"1\"><span style=\"font-weight: 400;\">Correcci\u00f3n de datos incompletos, inexactos u obsoletos<\/span><\/li><br> \t<li style=\"font-weight: 400;\" aria-level=\"1\"><span style=\"font-weight: 400;\">Borrar datos<\/span><\/li><br> \t<li style=\"font-weight: 400;\" aria-level=\"1\"><span style=\"font-weight: 400;\">Portabilidad<\/span><\/li><br> \t<li style=\"font-weight: 400;\" aria-level=\"1\"><span style=\"font-weight: 400;\">Informaci\u00f3n sobre el reparto<\/span><\/li><br> \t<li style=\"font-weight: 400;\" aria-level=\"1\"><span style=\"font-weight: 400;\">Revocaci\u00f3n del consentimiento<\/span><\/li><br> \t<li style=\"font-weight: 400;\" aria-level=\"1\"><span style=\"font-weight: 400;\">Informaci\u00f3n sobre la posibilidad de no ofrecer el consentimiento<\/span><\/li><br> \t<li style=\"font-weight: 400;\" aria-level=\"1\"><span style=\"font-weight: 400;\">Revisi\u00f3n automatizada de decisiones<\/span><\/li><br><\/ul>\n<span style=\"font-weight: 400;\">Es importante aclarar que Conexled s\u00f3lo trata los datos personales estrictamente necesarios para ejecutar contratos, emitir facturas y otros procesos en cumplimiento de requisitos legales o reglamentarios, debidamente especificados en nuestras Pol\u00edticas de Privacidad. Si tienes alguna pregunta sobre el tratamiento de tus datos, o si deseas ejercer alguno de los derechos pertinentes:<\/span>\t\t\t\t\t\t\t\t<\/div>\n\t\t\t\t<\/div>\n\t\t\t\t\t<\/div>\n\t\t\t\t<\/div>\n\t\t<div class=\"elementor-element elementor-element-42c52eb e-flex e-con-boxed e-con e-child\" data-id=\"42c52eb\" data-element_type=\"container\" data-settings=\"{&quot;jet_parallax_layout_list&quot;:[]}\">\n\t\t\t\t\t<div class=\"e-con-inner\">\n\t\t\t\t<div class=\"elementor-element elementor-element-d7a9986 elementor-widget elementor-widget-text-editor\" data-id=\"d7a9986\" data-element_type=\"widget\" data-widget_type=\"text-editor.default\">\n\t\t\t\t<div class=\"elementor-widget-container\">\n\t\t\t\t\t\t\t\t\t<p>Si tienes alguna pregunta, ponte en contacto con nosotros por correo electr\u00f3nico &#8211; <a href=\"mailto:lgpd@dev.conexled.com.br\">lgpd@dev.conexled.com.br<\/a><\/p>\t\t\t\t\t\t\t\t<\/div>\n\t\t\t\t<\/div>\n\t\t\t\t\t<\/div>\n\t\t\t\t<\/div>\n\t\t\t\t<\/div>\n\t\t\t\t<\/div>\n\t\t","protected":false},"excerpt":{"rendered":"<p>AVERIGUA QU\u00c9 DERECHOS CONTEMPLA LA LGPD Y C\u00d3MO EJERCERLOS La Ley General de Protecci\u00f3n de Datos -Ley 13.709\/2018- aport\u00f3 una serie de derechos a los titulares de datos personales. Averigua cu\u00e1les son los principales: Confirmaci\u00f3n del tratamiento Acceso a los datos Correcci\u00f3n de datos incompletos, inexactos u obsoletos Borrar datos Portabilidad Informaci\u00f3n sobre el reparto [&hellip;]<\/p>\n","protected":false},"author":17,"featured_media":0,"parent":0,"menu_order":0,"comment_status":"closed","ping_status":"closed","template":"elementor_header_footer","meta":{"footnotes":""},"class_list":["post-36642","page","type-page","status-publish","hentry"],"_links":{"self":[{"href":"https:\/\/dev.conexled.com\/es\/wp-json\/wp\/v2\/pages\/36642","targetHints":{"allow":["GET"]}}],"collection":[{"href":"https:\/\/dev.conexled.com\/es\/wp-json\/wp\/v2\/pages"}],"about":[{"href":"https:\/\/dev.conexled.com\/es\/wp-json\/wp\/v2\/types\/page"}],"author":[{"embeddable":true,"href":"https:\/\/dev.conexled.com\/es\/wp-json\/wp\/v2\/users\/17"}],"replies":[{"embeddable":true,"href":"https:\/\/dev.conexled.com\/es\/wp-json\/wp\/v2\/comments?post=36642"}],"version-history":[{"count":0,"href":"https:\/\/dev.conexled.com\/es\/wp-json\/wp\/v2\/pages\/36642\/revisions"}],"wp:attachment":[{"href":"https:\/\/dev.conexled.com\/es\/wp-json\/wp\/v2\/media?parent=36642"}],"curies":[{"name":"wp","href":"https:\/\/api.w.org\/{rel}","templated":true}]}}