{"id":36641,"date":"2023-04-11T21:27:02","date_gmt":"2023-04-12T00:27:02","guid":{"rendered":"https:\/\/dev.conexled.com\/infografico-privacidade\/"},"modified":"2025-04-24T09:22:40","modified_gmt":"2025-04-24T12:22:40","slug":"infografico-privacidade","status":"publish","type":"page","link":"https:\/\/dev.conexled.com\/es\/infografico-privacidade\/","title":{"rendered":"Infograf\u00eda sobre privacidad"},"content":{"rendered":"\t\t<div data-elementor-type=\"wp-page\" data-elementor-id=\"36641\" class=\"elementor elementor-36641 elementor-2294\" data-elementor-post-type=\"page\">\n\t\t\t\t<div class=\"elementor-element elementor-element-3f22003 e-con-full e-flex e-con e-parent\" data-id=\"3f22003\" data-element_type=\"container\" data-settings=\"{&quot;jet_parallax_layout_list&quot;:[]}\">\n\t\t<div class=\"elementor-element elementor-element-9c28c2b e-con-full e-flex e-con e-child\" data-id=\"9c28c2b\" data-element_type=\"container\" data-settings=\"{&quot;background_background&quot;:&quot;classic&quot;,&quot;jet_parallax_layout_list&quot;:[]}\">\n\t\t\t\t<\/div>\n\t\t<div class=\"elementor-element elementor-element-b68b6a8 e-flex e-con-boxed e-con e-child\" data-id=\"b68b6a8\" data-element_type=\"container\" data-settings=\"{&quot;jet_parallax_layout_list&quot;:[]}\">\n\t\t\t\t\t<div class=\"e-con-inner\">\n\t\t\t\t<div class=\"elementor-element elementor-element-814fb1f elementor-widget elementor-widget-text-editor\" data-id=\"814fb1f\" data-element_type=\"widget\" data-widget_type=\"text-editor.default\">\n\t\t\t\t<div class=\"elementor-widget-container\">\n\t\t\t\t\t\t\t\t\t<span style=\"font-weight: 400;\">Las medidas de seguridad de la informaci\u00f3n son una parte fundamental de la creaci\u00f3n de una cultura de protecci\u00f3n de datos, al tiempo que se cumplen los requisitos legales y reglamentarios. Algunas de estas medidas son sencillas. Conexled ya tiene unas Normas de Conducta, que se perfeccionar\u00e1n, y est\u00e1 creando una serie de pol\u00edticas, desde la privacidad hasta la retenci\u00f3n, pero hasta entonces, hemos enumerado a continuaci\u00f3n algunas medidas de especial atenci\u00f3n.  <\/span>\n<h4><br><b>CUIDADO CON EL PHISHING<\/b><\/h4>\n<span style=\"font-weight: 400;\">Muchas filtraciones se producen porque la gente es descuidada y acaba \u00abenganchada\u00bb por enlaces enviados en mensajes, correos electr\u00f3nicos, etc. No hagas clic en enlaces de origen desconocido. En caso de duda, ponte en contacto con el responsable inform\u00e1tico de tu empresa.  <\/span>\n<h4><br><b>CONTRASE\u00d1AS<\/b><\/h4>\n<span style=\"font-weight: 400;\">Otro gran problema es la forma en que manejamos nuestras contrase\u00f1as. Cuida tus contrase\u00f1as, no las compartas con nadie y procura crear siempre contrase\u00f1as lo suficientemente fuertes como para pon\u00e9rselo dif\u00edcil a los piratas inform\u00e1ticos. Nunca expongas ni compartas tus contrase\u00f1as de acceso al terminal y al sistema.  <\/span>\n<h4><br><b>DESCARGA DE ARCHIVOS<\/b><\/h4>\n<span style=\"font-weight: 400;\">Ten mucho cuidado al descargar archivos de Internet y adjuntarlos a correos electr\u00f3nicos y mensajes. \u00c1brelos s\u00f3lo si proceden de una fuente absolutamente fiable. NO DESCARGUES FICHEROS EN TU M\u00c1QUINA si no est\u00e1n relacionados con el trabajo y proceden de fuentes fiables.  <\/span>\n<h4><br><b>INFORMACI\u00d3N, DATOS Y DOCUMENTOS<\/b><\/h4>\n<span style=\"font-weight: 400;\">La informaci\u00f3n, datos, archivos, documentos s\u00f3lo podr\u00e1n ser facilitados por los medios ordinarios o, excepcionalmente, por los expresamente autorizados por el Consejo de Administraci\u00f3n de la Empresa. Por tanto: <\/span>\n<h4><br><b>NORMAS DE CONDUCTA<\/b><\/h4>\n<ul>\n \t<li style=\"font-weight: 400;\" aria-level=\"1\"><span style=\"font-weight: 400;\">No utilices dispositivos privados (tel\u00e9fono m\u00f3vil, port\u00e1til, tableta, etc.) para comunicarte o intercambiar datos, informaci\u00f3n, documentos, etc. con los clientes;<\/span><\/li><br> \t<li style=\"font-weight: 400;\" aria-level=\"1\"><span style=\"font-weight: 400;\">No fotograf\u00edes, copies, imprimas, filmes, etc. pantallas y\/o documentos de la empresa y sus sistemas;<\/span><\/li><br> \t<li style=\"font-weight: 400;\" aria-level=\"1\"><span style=\"font-weight: 400;\">No facilites informaci\u00f3n que contenga datos de car\u00e1cter personal por tel\u00e9fono, salvo que hayas sido expresamente autorizado para ello y el destinatario de la informaci\u00f3n est\u00e9 debidamente identificado.<\/span><\/li><br> \t<li style=\"font-weight: 400;\" aria-level=\"1\"><span style=\"font-weight: 400;\">No hagas clic en enlaces de correos electr\u00f3nicos y mensajes de cuyo origen no est\u00e9s seguro y que no est\u00e9n relacionados con el trabajo;<\/span><\/li><br> \t<li style=\"font-weight: 400;\" aria-level=\"1\"><span style=\"font-weight: 400;\">No compartas tus contrase\u00f1as, no las dejes expuestas, crea contrase\u00f1as seguras;<\/span><\/li><br> \t<li style=\"font-weight: 400;\" aria-level=\"1\"><span style=\"font-weight: 400;\">No accedas a sitios o aplicaciones no seguros;<\/span><\/li><br> \t<li style=\"font-weight: 400;\" aria-level=\"1\"><span style=\"font-weight: 400;\">No recibas ni env\u00edes datos, informaci\u00f3n o archivos por dispositivo privado, salvo autorizaci\u00f3n expresa;<\/span><\/li><br> \t<li style=\"font-weight: 400;\" aria-level=\"1\"><span style=\"font-weight: 400;\">No facilites ni confirmes informaci\u00f3n por tel\u00e9fono, salvo que est\u00e9s expresamente autorizado a hacerlo;<\/span><\/li><br> \t<li style=\"font-weight: 400;\" aria-level=\"1\"><span style=\"font-weight: 400;\">Comprueba siempre que tu software de protecci\u00f3n (antivirus, cortafuegos, etc.) est\u00e1 activo;<\/span><\/li><br> \t<li style=\"font-weight: 400;\" aria-level=\"1\"><span style=\"font-weight: 400;\">No descargues archivos enviados por mensajes, correos electr\u00f3nicos o dispositivos externos a menos que est\u00e9s expresamente autorizado a hacerlo;<\/span><\/li><br> \t<li style=\"font-weight: 400;\" aria-level=\"1\"><span style=\"font-weight: 400;\">Cuando dejes el ordenador, bloquea la m\u00e1quina, sin dejar pantallas ni datos expuestos;<\/span><\/li><br> \t<li style=\"font-weight: 400;\" aria-level=\"1\"><span style=\"font-weight: 400;\">Est\u00e1 prohibido copiar, imprimir, fotografiar, filmar, transferir a un dispositivo externo, etc., cualquier documento o pantalla del sistema, salvo para cumplir una obligaci\u00f3n o recoger pruebas autorizadas por un superior;<\/span><\/li><br> \t<li style=\"font-weight: 400;\" aria-level=\"1\"><span style=\"font-weight: 400;\">Si se produce un incidente, comun\u00edcalo inmediatamente.<\/span><\/li>\n<\/ul>\t\t\t\t\t\t\t\t<\/div>\n\t\t\t\t<\/div>\n\t\t\t\t\t<\/div>\n\t\t\t\t<\/div>\n\t\t<div class=\"elementor-element elementor-element-42c52eb e-flex e-con-boxed e-con e-child\" data-id=\"42c52eb\" data-element_type=\"container\" data-settings=\"{&quot;jet_parallax_layout_list&quot;:[]}\">\n\t\t\t\t\t<div class=\"e-con-inner\">\n\t\t\t\t<div class=\"elementor-element elementor-element-d7a9986 elementor-widget elementor-widget-text-editor\" data-id=\"d7a9986\" data-element_type=\"widget\" data-widget_type=\"text-editor.default\">\n\t\t\t\t<div class=\"elementor-widget-container\">\n\t\t\t\t\t\t\t\t\t<p>Si tienes alguna pregunta, ponte en contacto con nosotros por correo electr\u00f3nico &#8211; <a href=\"mailto:lgpd@dev.conexled.com.br\">lgpd@dev.conexled.com.br<\/a><\/p>\t\t\t\t\t\t\t\t<\/div>\n\t\t\t\t<\/div>\n\t\t\t\t\t<\/div>\n\t\t\t\t<\/div>\n\t\t\t\t<\/div>\n\t\t\t\t<\/div>\n\t\t","protected":false},"excerpt":{"rendered":"<p>Las medidas de seguridad de la informaci\u00f3n son una parte fundamental de la creaci\u00f3n de una cultura de protecci\u00f3n de datos, al tiempo que se cumplen los requisitos legales y reglamentarios. Algunas de estas medidas son sencillas. Conexled ya tiene unas Normas de Conducta, que se perfeccionar\u00e1n, y est\u00e1 creando una serie de pol\u00edticas, desde [&hellip;]<\/p>\n","protected":false},"author":17,"featured_media":0,"parent":0,"menu_order":0,"comment_status":"closed","ping_status":"closed","template":"elementor_header_footer","meta":{"footnotes":""},"class_list":["post-36641","page","type-page","status-publish","hentry"],"_links":{"self":[{"href":"https:\/\/dev.conexled.com\/es\/wp-json\/wp\/v2\/pages\/36641","targetHints":{"allow":["GET"]}}],"collection":[{"href":"https:\/\/dev.conexled.com\/es\/wp-json\/wp\/v2\/pages"}],"about":[{"href":"https:\/\/dev.conexled.com\/es\/wp-json\/wp\/v2\/types\/page"}],"author":[{"embeddable":true,"href":"https:\/\/dev.conexled.com\/es\/wp-json\/wp\/v2\/users\/17"}],"replies":[{"embeddable":true,"href":"https:\/\/dev.conexled.com\/es\/wp-json\/wp\/v2\/comments?post=36641"}],"version-history":[{"count":0,"href":"https:\/\/dev.conexled.com\/es\/wp-json\/wp\/v2\/pages\/36641\/revisions"}],"wp:attachment":[{"href":"https:\/\/dev.conexled.com\/es\/wp-json\/wp\/v2\/media?parent=36641"}],"curies":[{"name":"wp","href":"https:\/\/api.w.org\/{rel}","templated":true}]}}