{"id":11378,"date":"2023-04-11T21:35:58","date_gmt":"2023-04-12T00:35:58","guid":{"rendered":"https:\/\/dev.conexled.com\/?page_id=11378"},"modified":"2023-04-21T09:39:10","modified_gmt":"2023-04-21T12:39:10","slug":"terminos-de-uso","status":"publish","type":"page","link":"https:\/\/dev.conexled.com\/es\/terminos-de-uso\/","title":{"rendered":"Terminos de uso"},"content":{"rendered":"\t\t<div data-elementor-type=\"wp-page\" data-elementor-id=\"11378\" class=\"elementor elementor-11378 elementor-2299\" data-elementor-post-type=\"page\">\n\t\t\t\t<div class=\"elementor-element elementor-element-3f22003 e-con-full e-flex e-con e-parent\" data-id=\"3f22003\" data-element_type=\"container\" data-settings=\"{&quot;jet_parallax_layout_list&quot;:[]}\">\n\t\t<div class=\"elementor-element elementor-element-9c28c2b e-con-full e-flex e-con e-parent\" data-id=\"9c28c2b\" data-element_type=\"container\" data-settings=\"{&quot;background_background&quot;:&quot;classic&quot;,&quot;jet_parallax_layout_list&quot;:[]}\">\n\t\t\t\t<\/div>\n\t\t<div class=\"elementor-element elementor-element-b68b6a8 e-flex e-con-boxed e-con e-parent\" data-id=\"b68b6a8\" data-element_type=\"container\" data-settings=\"{&quot;jet_parallax_layout_list&quot;:[]}\">\n\t\t\t\t\t<div class=\"e-con-inner\">\n\t\t\t\t<div class=\"elementor-element elementor-element-a607af3 elementor-widget elementor-widget-text-editor\" data-id=\"a607af3\" data-element_type=\"widget\" data-widget_type=\"text-editor.default\">\n\t\t\t\t<div class=\"elementor-widget-container\">\n\t\t\t\t\t\t\t\t\t<span style=\"font-weight: 400;\">A Conexled, suas afiliadas e subsidi\u00e1rias (\u00abn\u00f3s\u00bb, \u00abnos\u00bb, \u00abnosso\u00bb, \u00abConexled\u00bb) est\u00e3o comprometidas em proteger sua privacidade. Esta Pol\u00edtica de Privacidade (\u00abPol\u00edtica\u00bb) descreve nossas pr\u00e1ticas em conex\u00e3o com informa\u00e7\u00f5es de privacidade de Dados Pessoais que processamos atrav\u00e9s do uso individual dos seguintes servi\u00e7os e relacionados (coletivamente, os \u00abProdutos\u00bb):<\/span>\n<ul><br>\n \t<li style=\"font-weight: 400;\" aria-level=\"1\"><span style=\"font-weight: 400;\">Lumin\u00e1rias LED de Alta Performance<\/span><\/li>\n<\/ul><br>\n<span style=\"font-weight: 400;\">Nesta Pol\u00edtica de Privacidade, \u00abDados Pessoais\u00bb significa informa\u00e7\u00f5es que podem ser usadas para identificar um indiv\u00edduo, apenas a partir dessas informa\u00e7\u00f5es ou daquelas informa\u00e7\u00f5es e outras informa\u00e7\u00f5es \u00e0s quais temos acesso sobre esse indiv\u00edduo.<\/span>\n<h4><b>QUAIS DADOS PESSOAIS COLETAMOS<\/b><\/h4>\n<span style=\"font-weight: 400;\">Para fornecer nossos produtos a voc\u00ea, solicitamos que voc\u00ea forne\u00e7a os Dados Pessoais necess\u00e1rios para fornecer esses produtos. Se voc\u00ea n\u00e3o fornecer seus dados pessoais, talvez n\u00e3o possamos fornecer nossos produtos por seguran\u00e7a da empresa.<\/span>\n<ol><br>\n \t<li><span style=\"font-weight: 400;\"> Informa\u00e7\u00f5es que voc\u00ea nos fornece voluntariamente<\/span><\/li>\n<\/ol>\n<ul><br>\n \t<li style=\"font-weight: 400;\" aria-level=\"1\"><span style=\"font-weight: 400;\">Dados da conta ou do perfil: quando voc\u00ea registra uma conta conosco, podemos coletar seu nome e detalhes de contato, como endere\u00e7o de email, n\u00famero de telefone, nome de usu\u00e1rio e credenciais de login. Durante sua intera\u00e7\u00e3o com nossos produtos, podemos coletar ainda mais seu apelido, foto do perfil, c\u00f3digo do pa\u00eds, prefer\u00eancia de idioma ou informa\u00e7\u00f5es de fuso hor\u00e1rio em sua conta.<\/span><\/li><br>\n \t<li style=\"font-weight: 400;\" aria-level=\"1\"><span style=\"font-weight: 400;\">Feedback: ao usar os recursos de feedback e sugest\u00e3o em nossos produtos, coletamos seu endere\u00e7o de email, n\u00famero de telefone celular e seu conte\u00fado de feedback para solucionar seus problemas e resolver falhas em tempo h\u00e1bil.<\/span><\/li>\n<\/ul><br>\n<ol start=\"2\">\n \t<li><span style=\"font-weight: 400;\"> Informa\u00e7\u00f5es que coletamos automaticamente<\/span><\/li>\n<\/ol>\n<ul><br>\n \t<li style=\"font-weight: 400;\" aria-level=\"1\"><span style=\"font-weight: 400;\">Informa\u00e7\u00f5es do dispositivo: quando voc\u00ea interage com nosso produto, coletamos automaticamente informa\u00e7\u00f5es do dispositivo, como o endere\u00e7o MAC dos seus dispositivos, endere\u00e7o IP, informa\u00e7\u00f5es de conex\u00e3o sem fio, tipo e vers\u00e3o do sistema operacional, n\u00famero da vers\u00e3o do aplicativo, n\u00famero da vers\u00e3o do aplicativo, identificador de notifica\u00e7\u00e3o por push, arquivos de log, e informa\u00e7\u00f5es de rede m\u00f3vel.<\/span><\/li><br>\n \t<li style=\"font-weight: 400;\" aria-level=\"1\"><span style=\"font-weight: 400;\">Dados de uso: durante sua intera\u00e7\u00e3o com nossos sites e servi\u00e7os, coletamos automaticamente dados de uso relacionados a visitas, cliques, downloads, mensagens enviadas \/ recebidas e outro uso de nossos sites e servi\u00e7os.<\/span><\/li><br>\n<\/ul>\n<h4><b>OBJETIVOS E BASE LEGAL PARA O PROCESSAMENTO DE DADOS PESSOAIS<\/b><\/h4>\n<span style=\"font-weight: 400;\">O objetivo para o qual podemos processar informa\u00e7\u00f5es sobre voc\u00ea \u00e9 o seguinte:<\/span>\n<ul><br>\n \t<li style=\"font-weight: 400;\" aria-level=\"1\"><span style=\"font-weight: 400;\">Fornecer servi\u00e7os: processamos os dados da sua conta, informa\u00e7\u00f5es do dispositivo, dados de uso, informa\u00e7\u00f5es de localiza\u00e7\u00e3o e informa\u00e7\u00f5es relacionadas a dispositivos inteligentes para fornecer nossos produto que voc\u00ea solicitou ou comprou. A base legal para este processamento \u00e9 executar nosso contrato com voc\u00ea de acordo com nossos Termos de Uso<\/span><\/li><br>\n \t<li style=\"font-weight: 400;\" aria-level=\"1\"><span style=\"font-weight: 400;\">Melhorar nossos servi\u00e7os: processamos as informa\u00e7\u00f5es do seu dispositivo, dados de uso, informa\u00e7\u00f5es de localiza\u00e7\u00e3o e informa\u00e7\u00f5es relacionadas a dispositivos inteligentes para garantir as fun\u00e7\u00f5es e a seguran\u00e7a de nossos produtos, desenvolver e melhorar nossos produtos e servi\u00e7os, analisar a efici\u00eancia de nossas opera\u00e7\u00f5es e impedir e rastrear uso fraudulento ou inadequado. A base legal para este processamento \u00e9 executar nosso contrato com voc\u00ea de acordo com nossos Termos de Uso.<\/span><\/li><br>\n \t<li style=\"font-weight: 400;\" aria-level=\"1\"><span style=\"font-weight: 400;\">Comunica\u00e7\u00e3o que n\u00e3o seja de marketing: processamos seus dados pessoais para enviar informa\u00e7\u00f5es importantes sobre os servi\u00e7os, altera\u00e7\u00f5es em nossos termos, condi\u00e7\u00f5es e pol\u00edticas e \/ ou outras informa\u00e7\u00f5es administrativas. Como essas informa\u00e7\u00f5es podem ser importantes, voc\u00ea n\u00e3o pode optar por n\u00e3o receber essas comunica\u00e7\u00f5es. A base legal para este processamento \u00e9 executar nosso contrato com voc\u00ea de acordo com nossos Termos de Uso<\/span><\/li><br>\n \t<li style=\"font-weight: 400;\" aria-level=\"1\"><span style=\"font-weight: 400;\">Comunica\u00e7\u00e3o de marketing: podemos processar seus dados pessoais para fornecer materiais de marketing e promocionais a voc\u00ea em nossos produtos e servi\u00e7os. Se o fizermos, cada comunica\u00e7\u00e3o que enviarmos a voc\u00ea conter\u00e1 instru\u00e7\u00f5es que permitir\u00e3o que voc\u00ea n\u00e3o receber futuras<\/span><\/li><br>\n \t<li style=\"font-weight: 400;\" aria-level=\"1\"><span style=\"font-weight: 400;\">Personaliza\u00e7\u00e3o: podemos processar os dados da sua conta e perfil, dados de uso, informa\u00e7\u00f5es do dispositivo para personalizar o design do produto e fornecer servi\u00e7os personalizados para voc\u00ea, como recomendar e exibir informa\u00e7\u00f5es e an\u00fancios sobre produtos adequados a voc\u00ea e convid\u00e1-lo para participe de pesquisas relacionadas ao uso de nossos produtos. A base legal para este processamento \u00e9 o seu consentimento.<\/span><\/li><br>\n \t<li style=\"font-weight: 400;\" aria-level=\"1\"><span style=\"font-weight: 400;\">Conformidade legal: Podemos processar seus Dados Pessoais conforme julgarmos necess\u00e1rio ou apropriado: (a) cumprir com as leis e regulamentos aplic\u00e1veis; (b) cumprir o processo legal; (c) responder a solicita\u00e7\u00f5es de autoridades p\u00fablicas e governamentais (d) para fazer cumprir nossos termos e condi\u00e7\u00f5es; (e) proteger nossas opera\u00e7\u00f5es, neg\u00f3cios e sistemas; (f) proteger nossos direitos, privacidade, seguran\u00e7a ou propriedade e \/ ou os de outros usu\u00e1rios, incluindo voc\u00ea; e (g) permitir-nos buscar solu\u00e7\u00f5es dispon\u00edveis ou limitar os danos que possamos sofrer<\/span><\/li>\n<\/ul><br>\n<h4><b>COM QUEM COMPARTILHAMOS DADOS PESSOAIS?<\/b><\/h4>\n<span style=\"font-weight: 400;\">Na Conexled, n\u00f3s apenas compartilhamos Dados Pessoais das maneiras que informamos. Podemos compartilhar seus Dados Pessoais com os seguintes destinat\u00e1rios:<\/span>\n<ul><br>\n \t<li style=\"font-weight: 400;\" aria-level=\"1\"><span style=\"font-weight: 400;\">Aos nossos prestadores de servi\u00e7os terceirizados que realizam certas fun\u00e7\u00f5es relacionadas a neg\u00f3cios, como hospedagem de sites, an\u00e1lise de dados, processamento de pagamentos e cart\u00f5es de cr\u00e9dito, fornecimento de infraestrutura, servi\u00e7os de TI, servi\u00e7o de suporte ao cliente, servi\u00e7os de entrega de e-mail e outros servi\u00e7os semelhantes para permitir que eles nos forne\u00e7am servi\u00e7os.<\/span><\/li><br>\n \t<li style=\"font-weight: 400;\" aria-level=\"1\"><span style=\"font-weight: 400;\">Para uma afiliada ou outro terceiro em caso de reorganiza\u00e7\u00e3o, fus\u00e3o, venda, joint venture, cess\u00e3o, transfer\u00eancia ou outra disposi\u00e7\u00e3o de toda ou parte de nossos neg\u00f3cios, ativos ou a\u00e7\u00f5es (incluindo, sem limita\u00e7\u00e3o, conex\u00e3o a qualquer fal\u00eancia ou procedimentos semelhantes). Nesse caso, voc\u00ea ser\u00e1 notificado por e-mail e \/ ou um aviso em destaque em nosso site sobre qualquer altera\u00e7\u00e3o de propriedade, novos usos incompat\u00edveis de seus Dados Pessoais e escolhas que voc\u00ea possa ter em rela\u00e7\u00e3o aos Dados Pessoais<\/span><\/li><br>\n \t<li style=\"font-weight: 400;\" aria-level=\"1\"><span style=\"font-weight: 400;\">Como acreditamos ser necess\u00e1rio ou apropriado: (a) cumprir as leis e regulamentos aplic\u00e1veis; (b) cumprir o processo legal; (c) responder a solicita\u00e7\u00f5es de autoridades p\u00fablicas e governamentais, incluindo autoridades p\u00fablicas e governamentais fora do seu pa\u00eds de resid\u00eancia; (d) fazer cumprir nossos termos e condi\u00e7\u00f5es; (e) proteger nossas opera\u00e7\u00f5es, neg\u00f3cios e sistemas; (f) proteger nossos direitos, privacidade, seguran\u00e7a ou propriedade e \/ ou os de outros usu\u00e1rios, incluindo voc\u00ea; e (g) permitir-nos buscar solu\u00e7\u00f5es dispon\u00edveis ou limitar os danos que possamos sofrer. \u25cf Para subsidi\u00e1rias ou afiliadas de nossa fam\u00edlia corporativa, para realizar atividades comerciais regulares.<\/span><\/li>\n<\/ul><br>\n<span style=\"font-weight: 400;\">Exceto pelos terceiros descritos acima, somente para terceiros com o seu consentimento.<\/span><br>\n<h4><b>TRANSFER\u00caNCIA INTERNACIONAL DE INFORMA\u00c7\u00d5ES COLETADAS<\/b><\/h4>\n<span style=\"font-weight: 400;\">Para facilitar nossa opera\u00e7\u00e3o, podemos transferir, armazenar e processar seus Dados Pessoais em jurisdi\u00e7\u00f5es diferentes da onde voc\u00ea mora. As leis nesses pa\u00edses podem diferir das leis aplic\u00e1veis ao seu pa\u00eds de resid\u00eancia. Quando fizermos isso, garantimos que seja fornecido um n\u00edvel de prote\u00e7\u00e3o adequado para as informa\u00e7\u00f5es usando uma ou mais das seguintes abordagens:<\/span>\n<ul><br>\n \t<li style=\"font-weight: 400;\" aria-level=\"1\"><span style=\"font-weight: 400;\">um acordo com base nas cl\u00e1usulas contratuais padr\u00e3o da UE aprovadas, de acordo com o art. 46. Para mais informa\u00e7\u00f5es,<\/span><\/li><br>\n<\/ul>\n<span style=\"font-weight: 400;\">Se desejar obter mais detalhes sobre as salvaguardas existentes, entre em contato conosco diretamente, conforme descrito nesta Pol\u00edtica de Privacidade.<\/span>\n<h4><b>SEUS DIREITOS EM RELA\u00c7\u00c3O AOS SEUS DADOS PESSOAIS<\/b><\/h4>\n<span style=\"font-weight: 400;\">N\u00f3s respeitamos seus direitos e controle sobre seus dados pessoais. Voc\u00ea pode exercer qualquer um dos seguintes direitos:<\/span>\n<ul><br>\n \t<li style=\"font-weight: 400;\" aria-level=\"1\"><span style=\"font-weight: 400;\">Enviando um email para suporte@dev.conexled.com.br<\/span><\/li>\n<\/ul><br>\n<span style=\"font-weight: 400;\">Voc\u00ea n\u00e3o precisa pagar uma taxa e tentaremos respond\u00ea-lo dentro de 30 dias. Se voc\u00ea decidir nos enviar um e-mail, em sua solicita\u00e7\u00e3o, esclare\u00e7a quais informa\u00e7\u00f5es voc\u00ea gostaria de alterar, se deseja excluir seus Dados Pessoais de nosso banco de dados ou informe-nos de quais limita\u00e7\u00f5es gostaria de colocar em nosso uso de seus dados pessoais. Observe que podemos solicitar que voc\u00ea verifique sua identidade antes de executar outras a\u00e7\u00f5es em sua solicita\u00e7\u00e3o, por motivos de seguran\u00e7a.<\/span><span style=\"font-weight: 400;\">\n<\/span><span style=\"font-weight: 400;\">voc\u00ea pode:<\/span>\n<ul><br>\n \t<li style=\"font-weight: 400;\" aria-level=\"1\"><span style=\"font-weight: 400;\">Solicitar acesso aos Dados Pessoais que processamos sobre voc\u00ea;<\/span><\/li>\n \t<li style=\"font-weight: 400;\" aria-level=\"1\"><span style=\"font-weight: 400;\">Solicitar que corrijamos Dados Pessoais imprecisos ou incompletos sobre voc\u00ea;<\/span><\/li>\n \t<li style=\"font-weight: 400;\" aria-level=\"1\"><span style=\"font-weight: 400;\">Solicitar exclus\u00e3o de dados pessoais sobre voc\u00ea;<\/span><\/li>\n \t<li style=\"font-weight: 400;\" aria-level=\"1\"><span style=\"font-weight: 400;\">Solicitar restri\u00e7\u00f5es, tempor\u00e1ria ou permanentemente, ao nosso processamento de alguns ou de todos os dados pessoais sobre voc\u00ea;<\/span><\/li>\n \t<li style=\"font-weight: 400;\" aria-level=\"1\"><span style=\"font-weight: 400;\">Solicitar a transfer\u00eancia de dados pessoais para voc\u00ea ou terceiros, onde processamos os dados com base no seu consentimento ou contrato, e onde nosso processamento \u00e9 automatizado;<\/span><\/li>\n \t<li style=\"font-weight: 400;\" aria-level=\"1\"><span style=\"font-weight: 400;\">Optar por n\u00e3o participar ou opor-se ao uso de Dados Pessoais sobre voc\u00ea, onde nosso uso \u00e9 baseado no seu consentimento ou em nossos interesses leg\u00edtimos.<\/span><\/li>\n<\/ul><br>\n<h4><b>SEGURAN\u00c7A<\/b><\/h4>\n<span style=\"font-weight: 400;\">Utilizamos salvaguardas f\u00edsicas, administrativas e t\u00e9cnicas comercialmente razo\u00e1veis para preservar a integridade e a seguran\u00e7a de seus Dados Pessoais. A Conexled fornece v\u00e1rias estrat\u00e9gias de seguran\u00e7a para garantir efetivamente a seguran\u00e7a dos dados do usu\u00e1rio. Quanto \u00e0 comunica\u00e7\u00e3o de dados, a comunica\u00e7\u00e3o usando algoritmos de seguran\u00e7a e protocolos de criptografia de transmiss\u00e3o e transmiss\u00e3o de criptografia de informa\u00e7\u00f5es em n\u00edvel comercial com base em chaves din\u00e2micas s\u00e3o suportadas. Quanto ao processamento de dados, filtragem e valida\u00e7\u00e3o rigorosa de dados e auditoria completa de dados s\u00e3o aplicadas. Quanto ao armazenamento de dados, todas as informa\u00e7\u00f5es confidenciais dos usu\u00e1rios ser\u00e3o criptografadas com seguran\u00e7a para armazenamento. Se voc\u00ea tiver motivos para acreditar que sua intera\u00e7\u00e3o conosco n\u00e3o \u00e9 mais segura (por exemplo, se voc\u00ea acha que a seguran\u00e7a de qualquer conta que voc\u00ea possa ter conosco foi comprometida), notifique-nos imediatamente sobre o problema, enviando um e-mail para suporte@dev.conexled.com.br.<\/span>\n<h4><br><b>RETEN\u00c7\u00c3O DE DADOS<\/b><\/h4>\n<span style=\"font-weight: 400;\">Processamos seus Dados Pessoais pelo per\u00edodo m\u00ednimo necess\u00e1rio para os fins estabelecidos nesta Pol\u00edtica de Privacidade, a menos que haja um requisito legal espec\u00edfico para mantermos os dados por um per\u00edodo de reten\u00e7\u00e3o mais longo. Determinamos o per\u00edodo de reten\u00e7\u00e3o apropriado com base na quantidade, natureza e sensibilidade dos seus Dados Pessoais e, ap\u00f3s o t\u00e9rmino do per\u00edodo de reten\u00e7\u00e3o, destruiremos seus Dados Pessoais. Quando n\u00e3o formos capazes de faz\u00ea-lo por raz\u00f5es t\u00e9cnicas, garantiremos que sejam tomadas as medidas apropriadas para impedir qualquer uso adicional de seus Dados Pessoais.<\/span>\n<h4><br><b>ALTERA\u00c7\u00d5ES NESTA POL\u00cdTICA<\/b><\/h4>\n<span style=\"font-weight: 400;\">Podemos atualizar esta Pol\u00edtica de Privacidade para refletir altera\u00e7\u00f5es em nossas pr\u00e1ticas de informa\u00e7\u00f5es. Se fizermos altera\u00e7\u00f5es materiais, notificaremos voc\u00ea por email (envie para o endere\u00e7o de e-mail especificado em sua conta) ou por meio de um aviso nos aplicativos m\u00f3veis antes que a altera\u00e7\u00e3o entre em vigor. Recomendamos que voc\u00ea reveja periodicamente esta p\u00e1gina para obter as informa\u00e7\u00f5es mais recentes sobre nossas pr\u00e1ticas de privacidade.<\/span>\n<h4><br><b>CONTATE-NOS<\/b><\/h4>\n<span style=\"font-weight: 400;\">Se voc\u00ea tiver alguma d\u00favida sobre nossas pr\u00e1ticas ou sobre esta Pol\u00edtica de Privacidade, entre em contato conosco da seguinte forma:<\/span><span style=\"font-weight: 400;\">\n<\/span><span style=\"font-weight: 400;\">Conex Eletromec\u00e2nica Ind\u00fastria e Com\u00e9rcio Ltda.<\/span><span style=\"font-weight: 400;\">\n<\/span><span style=\"font-weight: 400;\">Endere\u00e7o postal: Estrada Particular Sadae Takagi, 215, Cooperativa,<\/span><span style=\"font-weight: 400;\">\n<\/span><span style=\"font-weight: 400;\">S\u00e3o Bernardo do Campo \u2013 SP \u2013 Brasil \u2013 CEP: 09852-070<\/span>\t\t\t\t\t\t\t\t<\/div>\n\t\t\t\t<\/div>\n\t\t\t\t\t<\/div>\n\t\t\t\t<\/div>\n\t\t<div class=\"elementor-element elementor-element-42c52eb e-flex e-con-boxed e-con e-parent\" data-id=\"42c52eb\" data-element_type=\"container\" data-settings=\"{&quot;jet_parallax_layout_list&quot;:[]}\">\n\t\t\t\t\t<div class=\"e-con-inner\">\n\t\t\t\t<div class=\"elementor-element elementor-element-d7a9986 elementor-widget elementor-widget-text-editor\" data-id=\"d7a9986\" data-element_type=\"widget\" data-widget_type=\"text-editor.default\">\n\t\t\t\t<div class=\"elementor-widget-container\">\n\t\t\t\t\t\t\t\t\t<p>Qualquer d\u00favida basta entrar em contato via email &#8211;\u00a0<a href=\"mailto:lgpd@dev.conexled.com.br\">lgpd@dev.conexled.com.br<\/a><\/p>\t\t\t\t\t\t\t\t<\/div>\n\t\t\t\t<\/div>\n\t\t\t\t\t<\/div>\n\t\t\t\t<\/div>\n\t\t\t\t<\/div>\n\t\t\t\t<\/div>\n\t\t","protected":false},"excerpt":{"rendered":"","protected":false},"author":17,"featured_media":0,"parent":0,"menu_order":0,"comment_status":"closed","ping_status":"closed","template":"elementor_header_footer","meta":{"footnotes":""},"class_list":["post-11378","page","type-page","status-publish","hentry"],"_links":{"self":[{"href":"https:\/\/dev.conexled.com\/es\/wp-json\/wp\/v2\/pages\/11378","targetHints":{"allow":["GET"]}}],"collection":[{"href":"https:\/\/dev.conexled.com\/es\/wp-json\/wp\/v2\/pages"}],"about":[{"href":"https:\/\/dev.conexled.com\/es\/wp-json\/wp\/v2\/types\/page"}],"author":[{"embeddable":true,"href":"https:\/\/dev.conexled.com\/es\/wp-json\/wp\/v2\/users\/17"}],"replies":[{"embeddable":true,"href":"https:\/\/dev.conexled.com\/es\/wp-json\/wp\/v2\/comments?post=11378"}],"version-history":[{"count":0,"href":"https:\/\/dev.conexled.com\/es\/wp-json\/wp\/v2\/pages\/11378\/revisions"}],"wp:attachment":[{"href":"https:\/\/dev.conexled.com\/es\/wp-json\/wp\/v2\/media?parent=11378"}],"curies":[{"name":"wp","href":"https:\/\/api.w.org\/{rel}","templated":true}]}}