{"id":11375,"date":"2023-04-11T21:16:18","date_gmt":"2023-04-12T00:16:18","guid":{"rendered":"https:\/\/dev.conexled.com\/?page_id=11375"},"modified":"2024-08-13T09:34:10","modified_gmt":"2024-08-13T12:34:10","slug":"politica-de-cookies","status":"publish","type":"page","link":"https:\/\/dev.conexled.com\/es\/politica-de-cookies\/","title":{"rendered":"Pol\u00edtica de Cookies"},"content":{"rendered":"\t\t<div data-elementor-type=\"wp-page\" data-elementor-id=\"11375\" class=\"elementor elementor-11375 elementor-2286\" data-elementor-post-type=\"page\">\n\t\t\t\t<div class=\"elementor-element elementor-element-3f22003 e-con-full e-flex e-con e-parent\" data-id=\"3f22003\" data-element_type=\"container\" data-settings=\"{&quot;jet_parallax_layout_list&quot;:[]}\">\n\t\t<div class=\"elementor-element elementor-element-9c28c2b e-con-full e-flex e-con e-child\" data-id=\"9c28c2b\" data-element_type=\"container\" data-settings=\"{&quot;background_background&quot;:&quot;classic&quot;,&quot;jet_parallax_layout_list&quot;:[]}\">\n\t\t\t\t<\/div>\n\t\t<div class=\"elementor-element elementor-element-b68b6a8 e-flex e-con-boxed e-con e-child\" data-id=\"b68b6a8\" data-element_type=\"container\" data-settings=\"{&quot;jet_parallax_layout_list&quot;:[]}\">\n\t\t\t\t\t<div class=\"e-con-inner\">\n\t\t\t\t<div class=\"elementor-element elementor-element-48183fe elementor-widget elementor-widget-text-editor\" data-id=\"48183fe\" data-element_type=\"widget\" data-widget_type=\"text-editor.default\">\n\t\t\t\t<div class=\"elementor-widget-container\">\n\t\t\t\t\t\t\t\t\t<p>En esta pol\u00edtica usamos el t\u00e9rmino \u00abcookies\u00bb para referirnos a las cookies y otras tecnolog\u00edas similares cubiertas por la Directiva de la Uni\u00f3n Europea sobre privacidad en las comunicaciones electr\u00f3nicas.<\/p><p><strong>\u00bfQU\u00c9 ES UNA COOKIE?<br \/><\/strong>Una cookie es un dato que el sitio web solicita a su navegador para almacenar en su computadora o dispositivo m\u00f3vil. La cookie permite que el sitio web \u00abrecuerde\u00bb sus acciones o preferencias a lo largo del tiempo. La mayor\u00eda de los navegadores de Internet aceptan cookies; sin embargo, los usuarios pueden configurar sus navegadores para rechazar ciertos tipos de cookies o cookies espec\u00edficos. Adem\u00e1s, los usuarios pueden borrar las cookies en cualquier momento.<\/p><p><strong>\u00bfPOR QU\u00c9 USAMOS COOKIES?<br \/><\/strong>Usamos cookies para aprender c\u00f3mo interact\u00faa con nuestro contenido y para mejorar su experiencia al visitar nuestro sitio web. Por ejemplo, algunas cookies recuerdan su idioma o preferencias para que no tenga que realizar estas elecciones repetidamente cada vez que visite uno de nuestros sitios web. Tambi\u00e9n usamos cookies para ayudar con el rastreo de geolocalizaci\u00f3n, con el fin de mostrarle la estaci\u00f3n de servicio Shell m\u00e1s cercana. Adem\u00e1s, las cookies nos permiten ofrecer contenido espec\u00edfico, como videos en nuestro(s) sitio(s) web. Podemos emplear lo que aprendemos sobre su comportamiento en nuestro(s) sitio(s) web para ofrecerle anuncios dirigidos en sitios web de terceros en un esfuerzo por \u00abrepresentar\u00bb nuestros productos y servicios para usted.<\/p><p><strong>\u00bfQU\u00c9 TIPOS DE COOKIES UTILIZAMOS?<br \/>COOKIES PROPIOS Y COOKIES DE TERCEROS<br \/><\/strong>Utilizamos tanto cookies propias como cookies de terceros en nuestro sitio web. Las cookies propias son cookies emitidas por el dominio conexled.com.br y generalmente se utilizan para identificar preferencias de idioma y ubicaci\u00f3n o para facilitar la funcionalidad b\u00e1sica del sitio. Las cookies de terceros pertenecen y son administradas por otras empresas, como socios comerciales de Conexled o proveedores de servicios. Estas cookies pueden ser necesarias para producir ciertos formularios, como solicitudes de empleo, o permitir publicidad fuera del sitio web de Conexled.<\/p><p><strong>COOKIES DE SESI\u00d3N<br \/><\/strong>Las cookies de sesi\u00f3n son cookies temporales que se utilizan para recordarlo durante el transcurso de su visita al sitio web, y expiran cuando cierra el navegador.<\/p><p><strong>COOKIES PERSISTENTES<br \/><\/strong>Las cookies persistentes se utilizan para recordar sus preferencias del sitio web y permanecen en su escritorio o dispositivo m\u00f3vil incluso despu\u00e9s de cerrar su navegador o reiniciar el dispositivo. Usamos estas cookies para analizar el comportamiento del usuario y establecer patrones, de modo que podamos mejorar la funcionalidad de nuestro sitio web para usted y otros que visitan nuestro(s) sitio(s) web. Estas cookies tambi\u00e9n nos permiten ofrecer anuncios segmentados y medir la eficacia de nuestro sitio y la funcionalidad de dichos anuncios.<\/p><p><strong>\u00bfC\u00d3MO SE UTILIZAN LAS COOKIES CON FINES PUBLICITARIOS?<br \/><\/strong>Las cookies y las tecnolog\u00edas de anuncios como &#8216;web beacons&#8217;, &#8216;p\u00edxeles&#8217; y &#8216;etiquetas&#8217; de redes publicitarias nos ayudan a ofrecer anuncios relevantes de manera m\u00e1s eficaz. Tambi\u00e9n nos ayudan a recopilar datos consolidados con fines de auditor\u00eda, investigaci\u00f3n y reportes de rendimiento para anunciantes. Los p\u00edxeles nos permiten comprender y mejorar la oferta de anuncios para usted, y tambi\u00e9n permiten saber cu\u00e1ndo se le han presentado ciertos anuncios. Como su navegador puede solicitar anuncios y &#8216;web beacons&#8217; directamente desde los servidores de las redes publicitarias, estas redes pueden ver, editar o configurar sus propias cookies, como si usted hubiera accedido a una p\u00e1gina web de su sitio. Aunque no utilizamos cookies para crear un perfil de su comportamiento de navegaci\u00f3n en sitios de terceros, s\u00ed utilizamos informaci\u00f3n consolidada de dichos terceros para mostrarle anuncios relevantes basados en sus intereses. No proporcionamos ninguna informaci\u00f3n que recopilemos a los anunciantes. Usted puede optar por no ver anuncios fuera del sitio o de terceros ajustando la configuraci\u00f3n de cookies. Esto no eliminar\u00e1 los anuncios de las p\u00e1ginas que visite, pero esta opci\u00f3n resultar\u00e1 en anuncios que no est\u00e1n basados en sus intereses. Esto implica que los anuncios que vea no estar\u00e1n alineados con sus intereses por esas cookies espec\u00edficas.<\/p><p><strong>\u00bfC\u00d3MO SE UTILIZAN LAS COOKIES DE TERCEROS?<br \/><\/strong>Para algunas de las funciones dentro de nuestros sitios web, utilizamos proveedores externos, por ejemplo, cuando visita una p\u00e1gina con un video incrustado o proveniente de YouTube. Estos videos o enlaces (y cualquier otro contenido de proveedores externos) pueden contener cookies de terceros, y le recomendamos que consulte las pol\u00edticas de privacidad de estos terceros en sus sitios web para obtener informaci\u00f3n relacionada con su uso de cookies.<\/p><p><strong>\u00bfC\u00d3MO RECHAZO O BORRO LAS COOKIES?<br \/><\/strong>Puede optar por rechazar o bloquear todos o tipos espec\u00edficos de cookies configuradas durante su visita a un sitio web de Conexled al hacer clic en las preferencias de cookies en nuestro(s) sitio(s) web. Puede modificar sus preferencias para los sitios web de Conexled y\/o sitios web de terceros cambiando la configuraci\u00f3n de su navegador. Tenga en cuenta que la mayor\u00eda de los navegadores aceptan cookies autom\u00e1ticamente. Por lo tanto, si no desea que se utilicen cookies, es posible que deba eliminar o bloquear activamente las cookies. Si rechaza el uso de cookies, puede visitar nuestros sitios web, pero algunas funciones pueden no funcionar correctamente. Tambi\u00e9n puede visitar <a href=\"http:\/\/www.allaboutcookies.org\">www.allaboutcookies.org<\/a> para obtener m\u00e1s detalles sobre c\u00f3mo eliminar o rechazar cookies y para obtener informaci\u00f3n adicional sobre cookies en general. Al utilizar nuestro sitio web sin eliminar o rechazar algunas o todas las cookies, acepta que podemos colocar aquellas cookies que no haya eliminado o rechazado en sus dispositivos.<\/p><p>Si tiene alguna pregunta o consulta sobre nuestro Aviso de Privacidad o sobre el tratamiento de sus Datos por parte de Conexled, comun\u00edquese con nosotros por correo electr\u00f3nico a lgpd@dev.conexled.com.br. El encargado de las cuestiones de privacidad es Valdir Xavier de Paiva Junior.<\/p>\t\t\t\t\t\t\t\t<\/div>\n\t\t\t\t<\/div>\n\t\t\t\t\t<\/div>\n\t\t\t\t<\/div>\n\t\t<div class=\"elementor-element elementor-element-42c52eb e-flex e-con-boxed e-con e-child\" data-id=\"42c52eb\" data-element_type=\"container\" data-settings=\"{&quot;jet_parallax_layout_list&quot;:[]}\">\n\t\t\t\t\t<div class=\"e-con-inner\">\n\t\t\t\t<div class=\"elementor-element elementor-element-d7a9986 elementor-widget elementor-widget-text-editor\" data-id=\"d7a9986\" data-element_type=\"widget\" data-widget_type=\"text-editor.default\">\n\t\t\t\t<div class=\"elementor-widget-container\">\n\t\t\t\t\t\t\t\t\t<p>Qualquer d\u00favida basta entrar em contato via email &#8211;\u00a0<a href=\"mailto:lgpd@dev.conexled.com.br\">lgpd@dev.conexled.com.br<\/a><\/p>\t\t\t\t\t\t\t\t<\/div>\n\t\t\t\t<\/div>\n\t\t\t\t\t<\/div>\n\t\t\t\t<\/div>\n\t\t\t\t<\/div>\n\t\t\t\t<\/div>\n\t\t","protected":false},"excerpt":{"rendered":"<p>En esta pol\u00edtica usamos el t\u00e9rmino \u00abcookies\u00bb para referirnos a las cookies y otras tecnolog\u00edas similares cubiertas por la Directiva de la Uni\u00f3n Europea sobre privacidad en las comunicaciones electr\u00f3nicas. \u00bfQU\u00c9 ES UNA COOKIE?Una cookie es un dato que el sitio web solicita a su navegador para almacenar en su computadora o dispositivo m\u00f3vil. La [&hellip;]<\/p>\n","protected":false},"author":17,"featured_media":0,"parent":0,"menu_order":0,"comment_status":"closed","ping_status":"closed","template":"elementor_header_footer","meta":{"footnotes":""},"class_list":["post-11375","page","type-page","status-publish","hentry"],"_links":{"self":[{"href":"https:\/\/dev.conexled.com\/es\/wp-json\/wp\/v2\/pages\/11375","targetHints":{"allow":["GET"]}}],"collection":[{"href":"https:\/\/dev.conexled.com\/es\/wp-json\/wp\/v2\/pages"}],"about":[{"href":"https:\/\/dev.conexled.com\/es\/wp-json\/wp\/v2\/types\/page"}],"author":[{"embeddable":true,"href":"https:\/\/dev.conexled.com\/es\/wp-json\/wp\/v2\/users\/17"}],"replies":[{"embeddable":true,"href":"https:\/\/dev.conexled.com\/es\/wp-json\/wp\/v2\/comments?post=11375"}],"version-history":[{"count":0,"href":"https:\/\/dev.conexled.com\/es\/wp-json\/wp\/v2\/pages\/11375\/revisions"}],"wp:attachment":[{"href":"https:\/\/dev.conexled.com\/es\/wp-json\/wp\/v2\/media?parent=11375"}],"curies":[{"name":"wp","href":"https:\/\/api.w.org\/{rel}","templated":true}]}}