{"id":11373,"date":"2023-04-11T20:42:09","date_gmt":"2023-04-11T23:42:09","guid":{"rendered":"https:\/\/dev.conexled.com\/?page_id=11373"},"modified":"2024-08-13T09:37:24","modified_gmt":"2024-08-13T12:37:24","slug":"politica-de-privacidad","status":"publish","type":"page","link":"https:\/\/dev.conexled.com\/es\/politica-de-privacidad\/","title":{"rendered":"Pol\u00edtica de privacidad"},"content":{"rendered":"\t\t<div data-elementor-type=\"wp-page\" data-elementor-id=\"11373\" class=\"elementor elementor-11373 elementor-2258\" data-elementor-post-type=\"page\">\n\t\t\t\t<div class=\"elementor-element elementor-element-3f22003 e-con-full e-flex e-con e-parent\" data-id=\"3f22003\" data-element_type=\"container\" data-settings=\"{&quot;jet_parallax_layout_list&quot;:[]}\">\n\t\t<div class=\"elementor-element elementor-element-9c28c2b e-con-full e-flex e-con e-child\" data-id=\"9c28c2b\" data-element_type=\"container\" data-settings=\"{&quot;background_background&quot;:&quot;classic&quot;,&quot;jet_parallax_layout_list&quot;:[]}\">\n\t\t\t\t<\/div>\n\t\t<div class=\"elementor-element elementor-element-b68b6a8 e-flex e-con-boxed e-con e-child\" data-id=\"b68b6a8\" data-element_type=\"container\" data-settings=\"{&quot;jet_parallax_layout_list&quot;:[]}\">\n\t\t\t\t\t<div class=\"e-con-inner\">\n\t\t\t\t<div class=\"elementor-element elementor-element-48183fe elementor-widget elementor-widget-text-editor\" data-id=\"48183fe\" data-element_type=\"widget\" data-widget_type=\"text-editor.default\">\n\t\t\t\t<div class=\"elementor-widget-container\">\n\t\t\t\t\t\t\t\t\t<p><strong>Pol\u00edtica de Privacidad<br \/><\/strong>Conexled, sus afiliadas y subsidiarias (\u201cnosotros\u201d, \u201cnos\u201d, \u201cnuestro\u201d, \u201cConexled\u201d) est\u00e1n comprometidas a proteger su privacidad. Esta Pol\u00edtica de Privacidad (\u201cPol\u00edtica\u201d) describe nuestras pr\u00e1cticas en relaci\u00f3n con la informaci\u00f3n de privacidad de Datos Personales que procesamos a trav\u00e9s del uso individual de los siguientes servicios y relacionados (colectivamente, los \u201cProductos\u201d):<\/p><p><strong>Luminarias LED de Alta Performance<\/strong><\/p><p>En esta Pol\u00edtica de Privacidad, \u201cDatos Personales\u201d significa informaci\u00f3n que puede ser utilizada para identificar a una persona, solo a partir de esa informaci\u00f3n o de esa informaci\u00f3n y otra informaci\u00f3n a la que tenemos acceso sobre esa persona.<\/p><p><strong>QU\u00c9 DATOS PERSONALES RECOPILAMOS<br \/><\/strong>Para proporcionar nuestros productos, le solicitamos que proporcione los Datos Personales necesarios para ofrecer estos productos. Si no proporciona sus datos personales, es posible que no podamos proporcionar nuestros productos por motivos de seguridad de la empresa.<\/p><p><strong>Informaci\u00f3n que nos proporciona voluntariamente<br \/>Datos de la cuenta o del perfil:<\/strong> cuando se registra en una cuenta con nosotros, podemos recopilar su nombre y detalles de contacto, como direcci\u00f3n de correo electr\u00f3nico, n\u00famero de tel\u00e9fono, nombre de usuario y credenciales de inicio de sesi\u00f3n. Durante su interacci\u00f3n con nuestros productos, podemos recopilar adem\u00e1s su apodo, foto de perfil, c\u00f3digo de pa\u00eds, preferencia de idioma o informaci\u00f3n de zona horaria en su cuenta.<\/p><p><strong>Comentarios:<\/strong> al utilizar las funciones de comentarios y sugerencias en nuestros productos, recopilamos su direcci\u00f3n de correo electr\u00f3nico, n\u00famero de tel\u00e9fono m\u00f3vil y el contenido de sus comentarios para solucionar sus problemas y resolver fallas a tiempo.<\/p><p><strong>Informaci\u00f3n que recopilamos autom\u00e1ticamente<br \/>Informaci\u00f3n del dispositivo:<\/strong> cuando interact\u00faa con nuestro producto, recopilamos autom\u00e1ticamente informaci\u00f3n del dispositivo, como la direcci\u00f3n MAC de sus dispositivos, direcci\u00f3n IP, informaci\u00f3n de conexi\u00f3n inal\u00e1mbrica, tipo y versi\u00f3n del sistema operativo, n\u00famero de versi\u00f3n de la aplicaci\u00f3n, identificador de notificaci\u00f3n por push, archivos de registro e informaci\u00f3n de red m\u00f3vil.<\/p><p><strong>Datos de uso:<\/strong> durante su interacci\u00f3n con nuestros sitios y servicios, recopilamos autom\u00e1ticamente datos de uso relacionados con visitas, clics, descargas, mensajes enviados \/ recibidos y otro uso de nuestros sitios y servicios.<\/p><p><strong>OBJETIVOS Y BASE LEGAL PARA EL PROCESAMIENTO DE DATOS PERSONALES<br \/><\/strong>El prop\u00f3sito para el cual podemos procesar informaci\u00f3n sobre usted es el siguiente:<\/p><p><strong>Proveer servicios:<\/strong> procesamos los datos de su cuenta, informaci\u00f3n del dispositivo, datos de uso, informaci\u00f3n de ubicaci\u00f3n e informaci\u00f3n relacionada con dispositivos inteligentes para proporcionar nuestro producto que ha solicitado o comprado. La base legal para este procesamiento es la ejecuci\u00f3n de nuestro contrato con usted de acuerdo con nuestros T\u00e9rminos de Uso.<\/p><p><strong>Mejorar nuestros servicios:<\/strong> procesamos la informaci\u00f3n de su dispositivo, datos de uso, informaci\u00f3n de ubicaci\u00f3n e informaci\u00f3n relacionada con dispositivos inteligentes para garantizar las funciones y la seguridad de nuestros productos, desarrollar y mejorar nuestros productos y servicios, analizar la eficiencia de nuestras operaciones y prevenir y rastrear el uso fraudulento o inadecuado. La base legal para este procesamiento es la ejecuci\u00f3n de nuestro contrato con usted de acuerdo con nuestros T\u00e9rminos de Uso.<\/p><p><strong>Comunicaci\u00f3n que no sea de marketing:<\/strong> procesamos sus datos personales para enviar informaci\u00f3n importante sobre los servicios, cambios en nuestros t\u00e9rminos, condiciones y pol\u00edticas y \/ o otra informaci\u00f3n administrativa. Dado que esta informaci\u00f3n puede ser importante, no puede optar por no recibir estas comunicaciones. La base legal para este procesamiento es la ejecuci\u00f3n de nuestro contrato con usted de acuerdo con nuestros T\u00e9rminos de Uso.<\/p><p><strong>Comunicaci\u00f3n de marketing:<\/strong> podemos procesar sus datos personales para proporcionarle materiales de marketing y promocionales sobre nuestros productos y servicios. Si lo hacemos, cada comunicaci\u00f3n que le enviemos contendr\u00e1 instrucciones que le permitir\u00e1n no recibir comunicaciones futuras.<\/p><p><strong>Personalizaci\u00f3n:<\/strong> podemos procesar los datos de su cuenta y perfil, datos de uso e informaci\u00f3n del dispositivo para personalizar el dise\u00f1o del producto y ofrecerle servicios personalizados, como recomendar y mostrar informaci\u00f3n y anuncios sobre productos adecuados para usted e invitarlo a participar en encuestas relacionadas con el uso de nuestros productos. La base legal para este procesamiento es su consentimiento.<\/p><p><strong>Cumplimiento legal:<\/strong> podemos procesar sus Datos Personales seg\u00fan lo consideremos necesario o apropiado: (a) para cumplir con las leyes y regulaciones aplicables; (b) para cumplir con el proceso legal; (c) para responder a solicitudes de autoridades p\u00fablicas y gubernamentales; (d) para hacer cumplir nuestros t\u00e9rminos y condiciones; (e) para proteger nuestras operaciones, negocios y sistemas; (f) para proteger nuestros derechos, privacidad, seguridad o propiedad y \/ o los de otros usuarios, incluidos usted; y (g) para permitirnos buscar soluciones disponibles o limitar los da\u00f1os que podamos sufrir.<\/p><p><strong>\u00bfCON QUI\u00c9N COMPARTIMOS LOS DATOS PERSONALES?<br \/><\/strong>En Conexled, solo compartimos Datos Personales de las maneras que informamos. Podemos compartir sus Datos Personales con los siguientes destinatarios:<\/p><p>A nuestros proveedores de servicios externos que realizan ciertas funciones relacionadas con los negocios, como alojamiento de sitios web, an\u00e1lisis de datos, procesamiento de pagos y tarjetas de cr\u00e9dito, provisi\u00f3n de infraestructura, servicios de TI, servicio de atenci\u00f3n al cliente, servicios de entrega de correo electr\u00f3nico y otros servicios similares para permitirles brindarnos servicios.<\/p><p>A una filial u otro tercero en caso de reorganizaci\u00f3n, fusi\u00f3n, venta, joint venture, cesi\u00f3n, transferencia u otra disposici\u00f3n de la totalidad o parte de nuestros negocios, activos o acciones (incluyendo, entre otros, en relaci\u00f3n con cualquier quiebra o procedimientos similares). En este caso, se le notificar\u00e1 por correo electr\u00f3nico y \/ o mediante un aviso destacado en nuestro sitio web sobre cualquier cambio de propiedad, nuevos usos incompatibles de sus Datos Personales y las opciones que pueda tener con respecto a los Datos Personales.<\/p><p>Como consideremos necesario o apropiado: (a) para cumplir con las leyes y regulaciones aplicables; (b) para cumplir con el proceso legal; (c) para responder a solicitudes de autoridades p\u00fablicas y gubernamentales, incluidas autoridades p\u00fablicas y gubernamentales fuera de su pa\u00eds de residencia; (d) para hacer cumplir nuestros t\u00e9rminos y condiciones; (e) para proteger nuestras operaciones, negocios y sistemas; (f) para proteger nuestros derechos, privacidad, seguridad o propiedad y \/ o los de otros usuarios, incluidos usted; y (g) para permitirnos buscar soluciones disponibles o limitar los da\u00f1os que podamos sufrir. \u25cf Para subsidiarias o afiliadas de nuestra familia corporativa, para llevar a cabo actividades comerciales regulares.<\/p><p>Excepto por los terceros descritos anteriormente, solo a terceros con su consentimiento.<\/p><p><strong>TRANSFERENCIA INTERNACIONAL DE INFORMACI\u00d3N RECOLECTADA<br \/><\/strong>Para facilitar nuestra operaci\u00f3n, podemos transferir, almacenar y procesar sus Datos Personales en jurisdicciones diferentes de donde usted reside. Las leyes en estos pa\u00edses pueden diferir de las leyes aplicables en su pa\u00eds de residencia. Cuando lo hagamos, garantizaremos que se brinde un nivel adecuado de protecci\u00f3n para la informaci\u00f3n utilizando uno o m\u00e1s de los siguientes enfoques:<\/p><p>Un acuerdo basado en las cl\u00e1usulas contractuales est\u00e1ndar de la UE aprobadas, de acuerdo con el art. 46. Para m\u00e1s informaci\u00f3n,<\/p><p>Si desea obtener m\u00e1s detalles sobre las salvaguardas existentes, comun\u00edquese directamente con nosotros, como se describe en esta Pol\u00edtica de Privacidad.<\/p><p><strong>SUS DERECHOS CON RESPECTO A SUS DATOS PERSONALES<br \/><\/strong>Respetamos sus derechos y control sobre sus datos personales. Puede ejercer cualquiera de los siguientes derechos:<\/p><p>Enviando un correo electr\u00f3nico a soporte@dev.conexled.com.br<\/p><p>No necesita pagar una tarifa e intentaremos responderle dentro de los 30 d\u00edas. Si decide enviarnos un correo electr\u00f3nico, en su solicitud, aclare qu\u00e9 informaci\u00f3n desea modificar, si desea eliminar sus Datos Personales de nuestra base de datos o inf\u00f3rmenos qu\u00e9 limitaciones desea imponer en nuestro uso de sus datos personales. Tenga en cuenta que podemos solicitarle que verifique su identidad antes de realizar otras acciones en su solicitud, por motivos de seguridad.<\/p><p>Puede:<\/p><p>Solicitar acceso a los Datos Personales que procesamos sobre usted; Solicitar que corrijamos Datos Personales inexactos o incompletos sobre usted; Solicitar la eliminaci\u00f3n de datos personales sobre usted; Solicitar restricciones, temporales o permanentes, en nuestro procesamiento de algunos o todos los datos personales sobre usted; Solicitar la transferencia de datos personales a usted o a terceros, cuando procesemos los datos en funci\u00f3n de su consentimiento o contrato, y donde nuestro procesamiento sea automatizado; Optar por no participar o oponerse al uso de Datos Personales sobre usted, cuando nuestro uso se base en su consentimiento o en nuestros intereses leg\u00edtimos.<\/p><p><strong>SEGURIDAD<br \/><\/strong>Utilizamos salvaguardias f\u00edsicas, administrativas y t\u00e9cnicas comercialmente razonables para preservar la integridad y la seguridad de sus Datos Personales. Conexled proporciona varias estrategias de seguridad para garantizar efectivamente la seguridad de los datos del usuario. En cuanto a la comunicaci\u00f3n de datos, se admite la comunicaci\u00f3n mediante algoritmos de seguridad y protocolos de cifrado de transmisi\u00f3n y transmisi\u00f3n de cifrado de informaci\u00f3n a nivel comercial basado en claves din\u00e1micas. En cuanto al procesamiento de datos, se aplican filtros y validaci\u00f3n rigurosa de datos y una auditor\u00eda completa de datos. En cuanto al almacenamiento de datos, toda la informaci\u00f3n confidencial de los usuarios se cifrar\u00e1 de forma segura para su almacenamiento. Si tiene razones para creer que su interacci\u00f3n con nosotros ya no es segura (por ejemplo, si cree que la seguridad de alguna cuenta que pueda tener con nosotros se ha visto comprometida), notif\u00edquenos de inmediato sobre el problema enviando un correo electr\u00f3nico a soporte@dev.conexled.com.br.<\/p><p><strong>RETENCI\u00d3N DE DATOS<br \/><\/strong>Procesamos sus Datos Personales durante el per\u00edodo m\u00ednimo necesario para los fines establecidos en esta Pol\u00edtica de Privacidad, a menos que exista un requisito legal espec\u00edfico para que mantengamos los datos durante un per\u00edodo de retenci\u00f3n m\u00e1s prolongado. Determinamos el per\u00edodo de retenci\u00f3n adecuado en funci\u00f3n de la cantidad, naturaleza y sensibilidad de sus Datos Personales y, una vez finalizado el per\u00edodo de retenci\u00f3n, destruiremos sus Datos Personales. Cuando no podamos hacerlo por razones t\u00e9cnicas, nos aseguraremos de que se tomen las medidas adecuadas para evitar cualquier uso adicional de sus Datos Personales.<\/p><p><strong>CAMBIOS EN ESTA POL\u00cdTICA<br \/><\/strong>Podemos actualizar esta Pol\u00edtica de Privacidad para reflejar cambios en nuestras pr\u00e1cticas de informaci\u00f3n. Si hacemos cambios materiales, le notificaremos por correo electr\u00f3nico (enviado a la direcci\u00f3n de correo electr\u00f3nico especificada en su cuenta) o mediante un aviso en las aplicaciones m\u00f3viles antes de que el cambio entre en vigor. Le recomendamos que revise peri\u00f3dicamente esta p\u00e1gina para obtener la informaci\u00f3n m\u00e1s reciente sobre nuestras pr\u00e1cticas de privacidad.<\/p><p><strong>CONT\u00c1CTENOS<br \/><\/strong>Si tiene alguna pregunta o consulta sobre nuestro Aviso de Privacidad o sobre el tratamiento de sus Datos por parte de Conexled, comun\u00edquese con nosotros por correo electr\u00f3nico a lgpd@dev.conexled.com.br. El encargado de las cuestiones de privacidad es Valdir Xavier de Paiva Junior.<\/p><p>Cualquier duda, comun\u00edquese por correo electr\u00f3nico \u2013 lgpd@dev.conexled.com.br<\/p>\t\t\t\t\t\t\t\t<\/div>\n\t\t\t\t<\/div>\n\t\t\t\t\t<\/div>\n\t\t\t\t<\/div>\n\t\t<div class=\"elementor-element elementor-element-42c52eb e-flex e-con-boxed e-con e-child\" data-id=\"42c52eb\" data-element_type=\"container\" data-settings=\"{&quot;jet_parallax_layout_list&quot;:[]}\">\n\t\t\t\t\t<div class=\"e-con-inner\">\n\t\t\t\t<div class=\"elementor-element elementor-element-d7a9986 elementor-widget elementor-widget-text-editor\" data-id=\"d7a9986\" data-element_type=\"widget\" data-widget_type=\"text-editor.default\">\n\t\t\t\t<div class=\"elementor-widget-container\">\n\t\t\t\t\t\t\t\t\t<p>Qualquer d\u00favida basta entrar em contato via email &#8211;\u00a0<a href=\"mailto:lgpd@dev.conexled.com.br\">lgpd@dev.conexled.com.br<\/a><\/p>\t\t\t\t\t\t\t\t<\/div>\n\t\t\t\t<\/div>\n\t\t\t\t\t<\/div>\n\t\t\t\t<\/div>\n\t\t\t\t<\/div>\n\t\t\t\t<\/div>\n\t\t","protected":false},"excerpt":{"rendered":"<p>Pol\u00edtica de PrivacidadConexled, sus afiliadas y subsidiarias (\u201cnosotros\u201d, \u201cnos\u201d, \u201cnuestro\u201d, \u201cConexled\u201d) est\u00e1n comprometidas a proteger su privacidad. Esta Pol\u00edtica de Privacidad (\u201cPol\u00edtica\u201d) describe nuestras pr\u00e1cticas en relaci\u00f3n con la informaci\u00f3n de privacidad de Datos Personales que procesamos a trav\u00e9s del uso individual de los siguientes servicios y relacionados (colectivamente, los \u201cProductos\u201d): Luminarias LED de Alta [&hellip;]<\/p>\n","protected":false},"author":17,"featured_media":0,"parent":0,"menu_order":0,"comment_status":"closed","ping_status":"closed","template":"elementor_header_footer","meta":{"footnotes":""},"class_list":["post-11373","page","type-page","status-publish","hentry"],"_links":{"self":[{"href":"https:\/\/dev.conexled.com\/es\/wp-json\/wp\/v2\/pages\/11373","targetHints":{"allow":["GET"]}}],"collection":[{"href":"https:\/\/dev.conexled.com\/es\/wp-json\/wp\/v2\/pages"}],"about":[{"href":"https:\/\/dev.conexled.com\/es\/wp-json\/wp\/v2\/types\/page"}],"author":[{"embeddable":true,"href":"https:\/\/dev.conexled.com\/es\/wp-json\/wp\/v2\/users\/17"}],"replies":[{"embeddable":true,"href":"https:\/\/dev.conexled.com\/es\/wp-json\/wp\/v2\/comments?post=11373"}],"version-history":[{"count":0,"href":"https:\/\/dev.conexled.com\/es\/wp-json\/wp\/v2\/pages\/11373\/revisions"}],"wp:attachment":[{"href":"https:\/\/dev.conexled.com\/es\/wp-json\/wp\/v2\/media?parent=11373"}],"curies":[{"name":"wp","href":"https:\/\/api.w.org\/{rel}","templated":true}]}}