{"id":36271,"date":"2025-04-15T14:52:58","date_gmt":"2025-04-15T17:52:58","guid":{"rendered":"https:\/\/dev.conexled.com\/produto\/luminaria-publica-led-certificada\/"},"modified":"2025-04-25T12:04:40","modified_gmt":"2025-04-25T15:04:40","slug":"certified-led-street-light","status":"publish","type":"product","link":"https:\/\/dev.conexled.com\/en\/product\/iporanga\/certified-led-street-light\/","title":{"rendered":"CLP-A(G)"},"content":{"rendered":"<p class=\"\" data-start=\"472\" data-end=\"1037\">The <strong data-start=\"436\" data-end=\"448\">CLP-A(G)<\/strong> LED street light from the Iporanga line is a <strong data-start=\"494\" data-end=\"572\">high-performance solution certified by INMETRO and awarded the Procel Seal<\/strong>, developed for technical and efficient urban lighting projects. Available in three fixed <strong data-start=\"662\" data-end=\"714\">color temperature options: 2700K, 4000K or 5000K<\/strong>, the customer can select the appropriate configuration for each application. Constructed with an injected aluminum housing and UV-protected polycarbonate lens, it offers high durability, IP67 protection, and luminous efficacy of up to 180 lm\/W. Power range from 30W to 200W.<\/p>\n","protected":false},"excerpt":{"rendered":"<p class=\"\" data-start=\"1220\" data-end=\"1406\">Lumin\u00e1ria p\u00fablica LED certificada pelo INMETRO, com Selo Procel e tr\u00eas op\u00e7\u00f5es de temperatura de cor: 2700K, 4000K ou 5000K.<\/p>\n","protected":false},"featured_media":36232,"comment_status":"closed","ping_status":"closed","template":"","meta":[],"product_brand":[],"product_cat":[6132],"product_tag":[],"aplicacao-produto":[8627,8628,7360,8629],"aplicacoes-do-produto":[],"linha-do-produto":[8630],"class_list":{"0":"post-36271","1":"product","2":"type-product","3":"status-publish","4":"has-post-thumbnail","6":"product_cat-street-lighting","7":"aplicacao-produto-avenues","8":"aplicacao-produto-highways","9":"aplicacao-produto-squares-en","10":"aplicacao-produto-streets","11":"linha-do-produto-iporanga-en","13":"first","14":"instock","15":"shipping-taxable","16":"purchasable","17":"product-type-variable"},"_links":{"self":[{"href":"https:\/\/dev.conexled.com\/en\/wp-json\/wp\/v2\/product\/36271","targetHints":{"allow":["GET"]}}],"collection":[{"href":"https:\/\/dev.conexled.com\/en\/wp-json\/wp\/v2\/product"}],"about":[{"href":"https:\/\/dev.conexled.com\/en\/wp-json\/wp\/v2\/types\/product"}],"replies":[{"embeddable":true,"href":"https:\/\/dev.conexled.com\/en\/wp-json\/wp\/v2\/comments?post=36271"}],"wp:featuredmedia":[{"embeddable":true,"href":"https:\/\/dev.conexled.com\/en\/wp-json\/wp\/v2\/media\/36232"}],"wp:attachment":[{"href":"https:\/\/dev.conexled.com\/en\/wp-json\/wp\/v2\/media?parent=36271"}],"wp:term":[{"taxonomy":"product_brand","embeddable":true,"href":"https:\/\/dev.conexled.com\/en\/wp-json\/wp\/v2\/product_brand?post=36271"},{"taxonomy":"product_cat","embeddable":true,"href":"https:\/\/dev.conexled.com\/en\/wp-json\/wp\/v2\/product_cat?post=36271"},{"taxonomy":"product_tag","embeddable":true,"href":"https:\/\/dev.conexled.com\/en\/wp-json\/wp\/v2\/product_tag?post=36271"},{"taxonomy":"aplicacao-produto","embeddable":true,"href":"https:\/\/dev.conexled.com\/en\/wp-json\/wp\/v2\/aplicacao-produto?post=36271"},{"taxonomy":"aplicacoes-do-produto","embeddable":true,"href":"https:\/\/dev.conexled.com\/en\/wp-json\/wp\/v2\/aplicacoes-do-produto?post=36271"},{"taxonomy":"linha-do-produto","embeddable":true,"href":"https:\/\/dev.conexled.com\/en\/wp-json\/wp\/v2\/linha-do-produto?post=36271"}],"curies":[{"name":"wp","href":"https:\/\/api.w.org\/{rel}","templated":true}]}}